{"id":437,"date":"2015-11-27T21:17:04","date_gmt":"2015-11-27T20:17:04","guid":{"rendered":"http:\/\/www.schenkmetall.ch\/fr\/?page_id=437"},"modified":"2021-12-11T20:48:05","modified_gmt":"2021-12-11T19:48:05","slug":"mentions-legales","status":"publish","type":"page","link":"https:\/\/www.schenkmetall.ch\/fr\/mentions-legales\/","title":{"rendered":"Mentions l\u00e9gales"},"content":{"rendered":"<h2>Propri\u00e9taire<\/h2>\n<p><span style=\"color: #333333; font-family: Verdana, Geneva, sans-serif; font-size: 14.44444465637207px; font-style: normal; font-variant: normal; font-weight: normal; letter-spacing: normal; line-height: 23.799999237060547px; orphans: auto; text-align: start; text-indent: 0px; text-transform: none; white-space: normal; widows: auto; word-spacing: 0px; -webkit-text-stroke-width: 0px; background-color: #ffffff; display: inline !important; float: none;\">SCHENK METALL<\/span><br style=\"font-family: Verdana, Geneva, sans-serif; color: #333333; font-size: 14.44444465637207px; font-style: normal; font-variant: normal; font-weight: normal; letter-spacing: normal; line-height: 23.799999237060547px; orphans: auto; text-align: start; text-indent: 0px; text-transform: none; white-space: normal; widows: auto; word-spacing: 0px; -webkit-text-stroke-width: 0px; background-color: #ffffff;\"><span style=\"color: #333333; font-family: Verdana, Geneva, sans-serif; font-size: 14.44444465637207px; font-style: normal; font-variant: normal; font-weight: normal; letter-spacing: normal; line-height: 23.799999237060547px; orphans: auto; text-align: start; text-indent: 0px; text-transform: none; white-space: normal; widows: auto; word-spacing: 0px; -webkit-text-stroke-width: 0px; background-color: #ffffff; display: inline !important; float: none;\">Meriedweg 17<\/span><br style=\"font-family: Verdana, Geneva, sans-serif; color: #333333; font-size: 14.44444465637207px; font-style: normal; font-variant: normal; font-weight: normal; letter-spacing: normal; line-height: 23.799999237060547px; orphans: auto; text-align: start; text-indent: 0px; text-transform: none; white-space: normal; widows: auto; word-spacing: 0px; -webkit-text-stroke-width: 0px; background-color: #ffffff;\"><span style=\"color: #333333; font-family: Verdana, Geneva, sans-serif; font-size: 14.44444465637207px; font-style: normal; font-variant: normal; font-weight: normal; letter-spacing: normal; line-height: 23.799999237060547px; orphans: auto; text-align: start; text-indent: 0px; text-transform: none; white-space: normal; widows: auto; word-spacing: 0px; -webkit-text-stroke-width: 0px; background-color: #ffffff; display: inline !important; float: none;\">CH-3172 Niederwangen bei Bern<\/span><br style=\"font-family: Verdana, Geneva, sans-serif; color: #333333; font-size: 14.44444465637207px; font-style: normal; font-variant: normal; font-weight: normal; letter-spacing: normal; line-height: 23.799999237060547px; orphans: auto; text-align: start; text-indent: 0px; text-transform: none; white-space: normal; widows: auto; word-spacing: 0px; -webkit-text-stroke-width: 0px; background-color: #ffffff;\"><span style=\"color: #333333; font-family: Verdana, Geneva, sans-serif; font-size: 14.44444465637207px; font-style: normal; font-variant: normal; font-weight: normal; letter-spacing: normal; line-height: 23.799999237060547px; orphans: auto; text-align: start; text-indent: 0px; text-transform: none; white-space: normal; widows: auto; word-spacing: 0px; -webkit-text-stroke-width: 0px; background-color: #ffffff; display: inline !important; float: none;\">T\u00e9l <a href=\"http:\/\/Tel:+41319813088\">+41 31 981 30 88<\/a><\/span><br style=\"font-family: Verdana, Geneva, sans-serif; color: #333333; font-size: 14.44444465637207px; font-style: normal; font-variant: normal; font-weight: normal; letter-spacing: normal; line-height: 23.799999237060547px; orphans: auto; text-align: start; text-indent: 0px; text-transform: none; white-space: normal; widows: auto; word-spacing: 0px; -webkit-text-stroke-width: 0px; background-color: #ffffff;\"><span style=\"color: #333333; font-family: Verdana, Geneva, sans-serif; font-size: 14.44444465637207px; font-style: normal; font-variant: normal; font-weight: normal; letter-spacing: normal; line-height: 23.799999237060547px; orphans: auto; text-align: start; text-indent: 0px; text-transform: none; white-space: normal; widows: auto; word-spacing: 0px; -webkit-text-stroke-width: 0px; background-color: #ffffff; display: inline !important; float: none;\">Fax +41 31 981 30 91<\/span><\/p>\n<h2 class=\"gmail_default\">&nbsp;<\/h2>\n<p><strong>D\u00e9claration relative \u00e0 la protection des donn\u00e9es de Google&nbsp;Analytics<\/strong><\/p>\n<p>\u00ab\u00a0Ce site Internet utilise Google Analytics, un service d&rsquo;analyse d&rsquo;audience de sites Internet de la soci\u00e9t\u00e9 Google Inc. (\u00abGoogle\u00bb). Google Analytics utilise des \u00abcookies\u00bb: ce sont des fichiers texte qui sont enregistr\u00e9s sur votre ordinateur et qui permettent d&rsquo;analyser l&rsquo;utilisation que vous faites du site Internet. En g\u00e9n\u00e9ral, les informations g\u00e9n\u00e9r\u00e9es par le cookie relativement \u00e0 votre utilisation de ce site Internet (y compris votre adresse IP) sont transmises \u00e0 un serveur de Google aux \u00c9tats-Unis o\u00f9 elles sont enregistr\u00e9es. Google se servira de ces informations pour analyser votre utilisation du site Internet, composer des rapports sur les activit\u00e9s du site Internet \u00e0 l&rsquo;attention des exploitants du site Internet et fournir d&rsquo;autres prestations en rapport avec l&rsquo;utilisation du site Internet et l&rsquo;utilisation d&rsquo;Internet. Google transmettra ces informations \u00e9galement \u00e0 des tiers dans la mesure o\u00f9 la loi l&rsquo;exige ou si tant est que des tiers traitent ces donn\u00e9es sur ordre de Google. En aucun cas, Google ne mettra votre adresse IP en relation avec d&rsquo;autres donn\u00e9es de Google. Vous pouvez emp\u00eacher l&rsquo;enregistrement des cookies en param\u00e9trant le logiciel de votre navigateur en cons\u00e9quence; toutefois, nous attirons votre attention sur le fait que, dans ce cas, toutes les fonctionnalit\u00e9s de ce site Internet ne seront \u00e9ventuellement pas \u00e0 votre disposition. En utilisant le pr\u00e9sent site Internet, vous d\u00e9clarez votre accord avec le traitement des donn\u00e9es vous concernant collect\u00e9es par Google de la mani\u00e8re susmentionn\u00e9e et dans le but d\u00e9sign\u00e9 ci-dessus.\u201c<\/p>\n<p>&nbsp;<\/p>\n<p class=\"gmail_default\"><strong>Website<\/strong>&nbsp;<\/p>\n<p class=\"gmail_default\"><a href=\"http:\/\/www.plakativ.ch\" target=\"_blank\" rel=\"noopener\">PLAKATIV im Internet<\/a>! Mit <a href=\"http:\/\/www.plakativ-online-marketing.ch\" target=\"_blank\" rel=\"noopener\">Online Marketing<\/a> und <a href=\"http:\/\/www.plakativ-online-marketing.ch\/suchmaschinenoptimierung-seo\/search-engine-optimization\" target=\"_blank\" rel=\"noopener\">SEO<\/a><\/p>\n","protected":false},"excerpt":{"rendered":"<p>Propri\u00e9taire SCHENK METALLMeriedweg 17CH-3172 Niederwangen bei BernT\u00e9l +41 31 981 [&hellip;]<\/p>\n","protected":false},"author":1,"featured_media":0,"parent":0,"menu_order":10,"comment_status":"closed","ping_status":"closed","template":"","meta":{"ngg_post_thumbnail":0},"yoast_head":"<!-- This site is optimized with the Yoast SEO plugin v17.7.1 - https:\/\/yoast.com\/wordpress\/plugins\/seo\/ -->\n<title>Mentions l\u00e9gales - SCHENK METALL<\/title>\n<meta name=\"robots\" content=\"index, follow, max-snippet:-1, max-image-preview:large, max-video-preview:-1\" \/>\n<link rel=\"canonical\" href=\"https:\/\/www.schenkmetall.ch\/fr\/mentions-legales\/\" \/>\n<meta property=\"og:locale\" content=\"fr_FR\" \/>\n<meta property=\"og:type\" content=\"article\" \/>\n<meta property=\"og:title\" content=\"Mentions l\u00e9gales - SCHENK METALL\" \/>\n<meta property=\"og:description\" content=\"Propri\u00e9taire SCHENK METALLMeriedweg 17CH-3172 Niederwangen bei BernT\u00e9l +41 31 981 [&hellip;]\" \/>\n<meta property=\"og:url\" content=\"https:\/\/www.schenkmetall.ch\/fr\/mentions-legales\/\" \/>\n<meta property=\"og:site_name\" content=\"SCHENK METALL\" \/>\n<meta property=\"article:modified_time\" content=\"2021-12-11T19:48:05+00:00\" \/>\n<meta name=\"twitter:card\" content=\"summary\" \/>\n<meta name=\"twitter:label1\" content=\"Dur\u00e9e de lecture estim\u00e9e\" \/>\n\t<meta name=\"twitter:data1\" content=\"2 minutes\" \/>\n<script type=\"application\/ld+json\" class=\"yoast-schema-graph\">{\"@context\":\"https:\/\/schema.org\",\"@graph\":[{\"@type\":\"WebSite\",\"@id\":\"https:\/\/www.schenkmetall.ch\/#website\",\"url\":\"https:\/\/www.schenkmetall.ch\/\",\"name\":\"SCHENK METALL\",\"description\":\"Cintrage de tubes, cintrage de profil\\u00e9s ainsi que cintrage & laminage de t\\u00f4les\",\"potentialAction\":[{\"@type\":\"SearchAction\",\"target\":{\"@type\":\"EntryPoint\",\"urlTemplate\":\"https:\/\/www.schenkmetall.ch\/?s={search_term_string}\"},\"query-input\":\"required name=search_term_string\"}],\"inLanguage\":\"fr-FR\"},{\"@type\":\"WebPage\",\"@id\":\"https:\/\/www.schenkmetall.ch\/fr\/mentions-legales\/#webpage\",\"url\":\"https:\/\/www.schenkmetall.ch\/fr\/mentions-legales\/\",\"name\":\"Mentions l\\u00e9gales - SCHENK METALL\",\"isPartOf\":{\"@id\":\"https:\/\/www.schenkmetall.ch\/#website\"},\"datePublished\":\"2015-11-27T20:17:04+00:00\",\"dateModified\":\"2021-12-11T19:48:05+00:00\",\"breadcrumb\":{\"@id\":\"https:\/\/www.schenkmetall.ch\/fr\/mentions-legales\/#breadcrumb\"},\"inLanguage\":\"fr-FR\",\"potentialAction\":[{\"@type\":\"ReadAction\",\"target\":[\"https:\/\/www.schenkmetall.ch\/fr\/mentions-legales\/\"]}]},{\"@type\":\"BreadcrumbList\",\"@id\":\"https:\/\/www.schenkmetall.ch\/fr\/mentions-legales\/#breadcrumb\",\"itemListElement\":[{\"@type\":\"ListItem\",\"position\":1,\"name\":\"Startseite\",\"item\":\"https:\/\/www.schenkmetall.ch\/\"},{\"@type\":\"ListItem\",\"position\":2,\"name\":\"Mentions l\\u00e9gales\"}]}]}<\/script>\n<!-- \/ Yoast SEO plugin. -->","yoast_head_json":{"title":"Mentions l\u00e9gales - SCHENK METALL","robots":{"index":"index","follow":"follow","max-snippet":"max-snippet:-1","max-image-preview":"max-image-preview:large","max-video-preview":"max-video-preview:-1"},"canonical":"https:\/\/www.schenkmetall.ch\/fr\/mentions-legales\/","og_locale":"fr_FR","og_type":"article","og_title":"Mentions l\u00e9gales - SCHENK METALL","og_description":"Propri\u00e9taire SCHENK METALLMeriedweg 17CH-3172 Niederwangen bei BernT\u00e9l +41 31 981 [&hellip;]","og_url":"https:\/\/www.schenkmetall.ch\/fr\/mentions-legales\/","og_site_name":"SCHENK METALL","article_modified_time":"2021-12-11T19:48:05+00:00","twitter_card":"summary","twitter_misc":{"Dur\u00e9e de lecture estim\u00e9e":"2 minutes"},"schema":{"@context":"https:\/\/schema.org","@graph":[{"@type":"WebSite","@id":"https:\/\/www.schenkmetall.ch\/#website","url":"https:\/\/www.schenkmetall.ch\/","name":"SCHENK METALL","description":"Cintrage de tubes, cintrage de profil\u00e9s ainsi que cintrage & laminage de t\u00f4les","potentialAction":[{"@type":"SearchAction","target":{"@type":"EntryPoint","urlTemplate":"https:\/\/www.schenkmetall.ch\/?s={search_term_string}"},"query-input":"required name=search_term_string"}],"inLanguage":"fr-FR"},{"@type":"WebPage","@id":"https:\/\/www.schenkmetall.ch\/fr\/mentions-legales\/#webpage","url":"https:\/\/www.schenkmetall.ch\/fr\/mentions-legales\/","name":"Mentions l\u00e9gales - SCHENK METALL","isPartOf":{"@id":"https:\/\/www.schenkmetall.ch\/#website"},"datePublished":"2015-11-27T20:17:04+00:00","dateModified":"2021-12-11T19:48:05+00:00","breadcrumb":{"@id":"https:\/\/www.schenkmetall.ch\/fr\/mentions-legales\/#breadcrumb"},"inLanguage":"fr-FR","potentialAction":[{"@type":"ReadAction","target":["https:\/\/www.schenkmetall.ch\/fr\/mentions-legales\/"]}]},{"@type":"BreadcrumbList","@id":"https:\/\/www.schenkmetall.ch\/fr\/mentions-legales\/#breadcrumb","itemListElement":[{"@type":"ListItem","position":1,"name":"Startseite","item":"https:\/\/www.schenkmetall.ch\/"},{"@type":"ListItem","position":2,"name":"Mentions l\u00e9gales"}]}]}},"_links":{"self":[{"href":"https:\/\/www.schenkmetall.ch\/fr\/wp-json\/wp\/v2\/pages\/437"}],"collection":[{"href":"https:\/\/www.schenkmetall.ch\/fr\/wp-json\/wp\/v2\/pages"}],"about":[{"href":"https:\/\/www.schenkmetall.ch\/fr\/wp-json\/wp\/v2\/types\/page"}],"author":[{"embeddable":true,"href":"https:\/\/www.schenkmetall.ch\/fr\/wp-json\/wp\/v2\/users\/1"}],"replies":[{"embeddable":true,"href":"https:\/\/www.schenkmetall.ch\/fr\/wp-json\/wp\/v2\/comments?post=437"}],"version-history":[{"count":5,"href":"https:\/\/www.schenkmetall.ch\/fr\/wp-json\/wp\/v2\/pages\/437\/revisions"}],"predecessor-version":[{"id":550,"href":"https:\/\/www.schenkmetall.ch\/fr\/wp-json\/wp\/v2\/pages\/437\/revisions\/550"}],"wp:attachment":[{"href":"https:\/\/www.schenkmetall.ch\/fr\/wp-json\/wp\/v2\/media?parent=437"}],"curies":[{"name":"wp","href":"https:\/\/api.w.org\/{rel}","templated":true}]}}