{"id":433,"date":"2015-11-27T21:12:23","date_gmt":"2015-11-27T20:12:23","guid":{"rendered":"http:\/\/www.schenkmetall.ch\/fr\/?page_id=433"},"modified":"2021-12-11T20:43:43","modified_gmt":"2021-12-11T19:43:43","slug":"contact","status":"publish","type":"page","link":"https:\/\/www.schenkmetall.ch\/fr\/contact\/","title":{"rendered":"Contact"},"content":{"rendered":"<h1>N&rsquo;h\u00e9sitez pas \u00e0 nous contacter \u2013 nous&nbsp;sommes \u00e0 votre disposition!<\/h1>\n<p>&nbsp;<\/p>\n<p>SCHENK METALL<br \/>\nMeriedweg 17<br \/>\n3172&nbsp;Niederwangen bei Bern<\/p>\n<p>T\u00e9l\u00e9phone: <a href=\"http:\/\/Tel:+41319813088\">+41 31 981 30 88<\/a><br \/>\nFax: +41 31 981 30&nbsp;91<\/p>\n<p>eMail: info@schenkmetall.ch<\/p>\n<p><iframe loading=\"lazy\" style=\"border: 0;\" src=\"https:\/\/www.google.com\/maps\/embed?pb=!1m18!1m12!1m3!1d5449.642378373572!2d7.370984249608301!3d46.925897285726904!2m3!1f0!2f0!3f0!3m2!1i1024!2i768!4f13.1!3m3!1m2!1s0x478e38c9b00a4b1b%3A0xf712a01355f6f7a6!2sSchenk+Metall!5e0!3m2!1sde!2sus!4v1446819149942\" width=\"600\" height=\"400\" frameborder=\"0\" allowfullscreen=\"allowfullscreen\"><\/iframe><\/p>\n<p>&nbsp;<\/p>\n<p>&nbsp;<\/p>\n","protected":false},"excerpt":{"rendered":"<p>N&rsquo;h\u00e9sitez pas \u00e0 nous contacter \u2013 nous&nbsp;sommes \u00e0 votre disposition! [&hellip;]<\/p>\n","protected":false},"author":1,"featured_media":0,"parent":0,"menu_order":6,"comment_status":"closed","ping_status":"open","template":"","meta":{"ngg_post_thumbnail":0},"yoast_head":"<!-- This site is optimized with the Yoast SEO plugin v17.7.1 - https:\/\/yoast.com\/wordpress\/plugins\/seo\/ -->\n<title>Contact - SCHENK METALL<\/title>\n<meta name=\"description\" content=\"N\u2019h\u00e9sitez pas \u00e0 nous contacter \u2013 nous sommes \u00e0 votre disposition: SCHENK METALL, Meriedweg 17, 3172 Niederwangen bei Bern, T\u00e9l\u00e9phone: +41 31 981 30 88.\" \/>\n<meta name=\"robots\" content=\"index, follow, max-snippet:-1, max-image-preview:large, max-video-preview:-1\" \/>\n<link rel=\"canonical\" href=\"https:\/\/www.schenkmetall.ch\/fr\/contact\/\" \/>\n<meta property=\"og:locale\" content=\"fr_FR\" \/>\n<meta property=\"og:type\" content=\"article\" \/>\n<meta property=\"og:title\" content=\"Contact - SCHENK METALL\" \/>\n<meta property=\"og:description\" content=\"N\u2019h\u00e9sitez pas \u00e0 nous contacter \u2013 nous sommes \u00e0 votre disposition: SCHENK METALL, Meriedweg 17, 3172 Niederwangen bei Bern, T\u00e9l\u00e9phone: +41 31 981 30 88.\" \/>\n<meta property=\"og:url\" content=\"https:\/\/www.schenkmetall.ch\/fr\/contact\/\" \/>\n<meta property=\"og:site_name\" content=\"SCHENK METALL\" \/>\n<meta property=\"article:modified_time\" content=\"2021-12-11T19:43:43+00:00\" \/>\n<meta name=\"twitter:card\" content=\"summary\" \/>\n<script type=\"application\/ld+json\" class=\"yoast-schema-graph\">{\"@context\":\"https:\/\/schema.org\",\"@graph\":[{\"@type\":\"WebSite\",\"@id\":\"https:\/\/www.schenkmetall.ch\/#website\",\"url\":\"https:\/\/www.schenkmetall.ch\/\",\"name\":\"SCHENK METALL\",\"description\":\"Cintrage de tubes, cintrage de profil\\u00e9s ainsi que cintrage & laminage de t\\u00f4les\",\"potentialAction\":[{\"@type\":\"SearchAction\",\"target\":{\"@type\":\"EntryPoint\",\"urlTemplate\":\"https:\/\/www.schenkmetall.ch\/?s={search_term_string}\"},\"query-input\":\"required name=search_term_string\"}],\"inLanguage\":\"fr-FR\"},{\"@type\":\"WebPage\",\"@id\":\"https:\/\/www.schenkmetall.ch\/fr\/contact\/#webpage\",\"url\":\"https:\/\/www.schenkmetall.ch\/fr\/contact\/\",\"name\":\"Contact - SCHENK METALL\",\"isPartOf\":{\"@id\":\"https:\/\/www.schenkmetall.ch\/#website\"},\"datePublished\":\"2015-11-27T20:12:23+00:00\",\"dateModified\":\"2021-12-11T19:43:43+00:00\",\"description\":\"N\\u2019h\\u00e9sitez pas \\u00e0 nous contacter \\u2013 nous sommes \\u00e0 votre disposition: SCHENK METALL, Meriedweg 17, 3172 Niederwangen bei Bern, T\\u00e9l\\u00e9phone: +41 31 981 30 88.\",\"breadcrumb\":{\"@id\":\"https:\/\/www.schenkmetall.ch\/fr\/contact\/#breadcrumb\"},\"inLanguage\":\"fr-FR\",\"potentialAction\":[{\"@type\":\"ReadAction\",\"target\":[\"https:\/\/www.schenkmetall.ch\/fr\/contact\/\"]}]},{\"@type\":\"BreadcrumbList\",\"@id\":\"https:\/\/www.schenkmetall.ch\/fr\/contact\/#breadcrumb\",\"itemListElement\":[{\"@type\":\"ListItem\",\"position\":1,\"name\":\"Startseite\",\"item\":\"https:\/\/www.schenkmetall.ch\/\"},{\"@type\":\"ListItem\",\"position\":2,\"name\":\"Contact\"}]}]}<\/script>\n<!-- \/ Yoast SEO plugin. -->","yoast_head_json":{"title":"Contact - SCHENK METALL","description":"N\u2019h\u00e9sitez pas \u00e0 nous contacter \u2013 nous sommes \u00e0 votre disposition: SCHENK METALL, Meriedweg 17, 3172 Niederwangen bei Bern, T\u00e9l\u00e9phone: +41 31 981 30 88.","robots":{"index":"index","follow":"follow","max-snippet":"max-snippet:-1","max-image-preview":"max-image-preview:large","max-video-preview":"max-video-preview:-1"},"canonical":"https:\/\/www.schenkmetall.ch\/fr\/contact\/","og_locale":"fr_FR","og_type":"article","og_title":"Contact - SCHENK METALL","og_description":"N\u2019h\u00e9sitez pas \u00e0 nous contacter \u2013 nous sommes \u00e0 votre disposition: SCHENK METALL, Meriedweg 17, 3172 Niederwangen bei Bern, T\u00e9l\u00e9phone: +41 31 981 30 88.","og_url":"https:\/\/www.schenkmetall.ch\/fr\/contact\/","og_site_name":"SCHENK METALL","article_modified_time":"2021-12-11T19:43:43+00:00","twitter_card":"summary","schema":{"@context":"https:\/\/schema.org","@graph":[{"@type":"WebSite","@id":"https:\/\/www.schenkmetall.ch\/#website","url":"https:\/\/www.schenkmetall.ch\/","name":"SCHENK METALL","description":"Cintrage de tubes, cintrage de profil\u00e9s ainsi que cintrage & laminage de t\u00f4les","potentialAction":[{"@type":"SearchAction","target":{"@type":"EntryPoint","urlTemplate":"https:\/\/www.schenkmetall.ch\/?s={search_term_string}"},"query-input":"required name=search_term_string"}],"inLanguage":"fr-FR"},{"@type":"WebPage","@id":"https:\/\/www.schenkmetall.ch\/fr\/contact\/#webpage","url":"https:\/\/www.schenkmetall.ch\/fr\/contact\/","name":"Contact - SCHENK METALL","isPartOf":{"@id":"https:\/\/www.schenkmetall.ch\/#website"},"datePublished":"2015-11-27T20:12:23+00:00","dateModified":"2021-12-11T19:43:43+00:00","description":"N\u2019h\u00e9sitez pas \u00e0 nous contacter \u2013 nous sommes \u00e0 votre disposition: SCHENK METALL, Meriedweg 17, 3172 Niederwangen bei Bern, T\u00e9l\u00e9phone: +41 31 981 30 88.","breadcrumb":{"@id":"https:\/\/www.schenkmetall.ch\/fr\/contact\/#breadcrumb"},"inLanguage":"fr-FR","potentialAction":[{"@type":"ReadAction","target":["https:\/\/www.schenkmetall.ch\/fr\/contact\/"]}]},{"@type":"BreadcrumbList","@id":"https:\/\/www.schenkmetall.ch\/fr\/contact\/#breadcrumb","itemListElement":[{"@type":"ListItem","position":1,"name":"Startseite","item":"https:\/\/www.schenkmetall.ch\/"},{"@type":"ListItem","position":2,"name":"Contact"}]}]}},"_links":{"self":[{"href":"https:\/\/www.schenkmetall.ch\/fr\/wp-json\/wp\/v2\/pages\/433"}],"collection":[{"href":"https:\/\/www.schenkmetall.ch\/fr\/wp-json\/wp\/v2\/pages"}],"about":[{"href":"https:\/\/www.schenkmetall.ch\/fr\/wp-json\/wp\/v2\/types\/page"}],"author":[{"embeddable":true,"href":"https:\/\/www.schenkmetall.ch\/fr\/wp-json\/wp\/v2\/users\/1"}],"replies":[{"embeddable":true,"href":"https:\/\/www.schenkmetall.ch\/fr\/wp-json\/wp\/v2\/comments?post=433"}],"version-history":[{"count":6,"href":"https:\/\/www.schenkmetall.ch\/fr\/wp-json\/wp\/v2\/pages\/433\/revisions"}],"predecessor-version":[{"id":544,"href":"https:\/\/www.schenkmetall.ch\/fr\/wp-json\/wp\/v2\/pages\/433\/revisions\/544"}],"wp:attachment":[{"href":"https:\/\/www.schenkmetall.ch\/fr\/wp-json\/wp\/v2\/media?parent=433"}],"curies":[{"name":"wp","href":"https:\/\/api.w.org\/{rel}","templated":true}]}}