{"id":411,"date":"2015-11-27T21:08:35","date_gmt":"2015-11-27T20:08:35","guid":{"rendered":"http:\/\/www.schenkmetall.ch\/fr\/?page_id=411"},"modified":"2021-12-11T20:42:50","modified_gmt":"2021-12-11T19:42:50","slug":"solution-globale","status":"publish","type":"page","link":"https:\/\/www.schenkmetall.ch\/fr\/solution-globale\/","title":{"rendered":"Solution globale"},"content":{"rendered":"<p>Notre offre comprend aussi des solutions globales incluant le per\u00e7age, le fraisage, le soudage,&nbsp;le pon\u00e7age et le polissage.<\/p>\n<p><!-- default-view.php -->\n<div\n\tclass=\"ngg-galleryoverview default-view\n\t ngg-ajax-pagination-none\t\"\n\tid=\"ngg-gallery-9ab394def886eebcaafa3bc16883f3a3-1\"\n\tdata-gallery-id=\"8\">\n\n\t\t<!-- Thumbnails -->\n\t\t\t\t<div id=\"ngg-image-0\" class=\"ngg-gallery-thumbnail-box\n\t\t\t\t\t\t\t\t\t\t\t\"\n\t\t\t>\n\t\t\t\t\t\t<div class=\"ngg-gallery-thumbnail\">\n\t\t\t<a href=\"https:\/\/www.schenkmetall.ch\/wp-content\/uploads\/sites\/1\/nggallery\/solution-globale\/MG_0610-Auswahl.jpg\"\n\t\t\t\ttitle=\"Pistons de refoulement\"\n\t\t\t\tdata-src=\"https:\/\/www.schenkmetall.ch\/wp-content\/uploads\/sites\/1\/nggallery\/solution-globale\/MG_0610-Auswahl.jpg\"\n\t\t\t\tdata-thumbnail=\"https:\/\/www.schenkmetall.ch\/wp-content\/uploads\/sites\/1\/nggallery\/solution-globale\/thumbs\/thumbs_MG_0610-Auswahl.jpg\"\n\t\t\t\tdata-image-id=\"55\"\n\t\t\t\tdata-title=\"Pistons de refoulement\"\n\t\t\t\tdata-description=\"Pistons de refoulement\"\n\t\t\t\tdata-image-slug=\"f%c3%b6rderzylinder-1\"\n\t\t\t\t\t\t\t\t\t\t\t\t\t\t\t\t\t\t\t\tclass=\"ngg-fancybox\" rel=\"9ab394def886eebcaafa3bc16883f3a3\">\n\t\t\t\t\t\t\t\t<img\n\t\t\t\t\ttitle=\"Pistons de refoulement\"\n\t\t\t\t\talt=\"Pistons de refoulement\"\n\t\t\t\t\tsrc=\"https:\/\/www.schenkmetall.ch\/wp-content\/uploads\/sites\/1\/nggallery\/solution-globale\/thumbs\/thumbs_MG_0610-Auswahl.jpg\"\n\t\t\t\t\twidth=\"240\"\n\t\t\t\t\theight=\"160\"\n\t\t\t\t\tstyle=\"max-width:100%;\"\n\t\t\t\t\/>\n\t\t\t<\/a>\n\t\t<\/div>\n\t\t\t\t\t\t\t<\/div>\n\t\t\t\n\t\t\t\t<div id=\"ngg-image-1\" class=\"ngg-gallery-thumbnail-box\n\t\t\t\t\t\t\t\t\t\t\t\"\n\t\t\t>\n\t\t\t\t\t\t<div class=\"ngg-gallery-thumbnail\">\n\t\t\t<a href=\"https:\/\/www.schenkmetall.ch\/wp-content\/uploads\/sites\/1\/nggallery\/solution-globale\/MG_0659-Auswahl.jpg\"\n\t\t\t\ttitle=\"Brides pour tubes\"\n\t\t\t\tdata-src=\"https:\/\/www.schenkmetall.ch\/wp-content\/uploads\/sites\/1\/nggallery\/solution-globale\/MG_0659-Auswahl.jpg\"\n\t\t\t\tdata-thumbnail=\"https:\/\/www.schenkmetall.ch\/wp-content\/uploads\/sites\/1\/nggallery\/solution-globale\/thumbs\/thumbs_MG_0659-Auswahl.jpg\"\n\t\t\t\tdata-image-id=\"56\"\n\t\t\t\tdata-title=\"Brides pour tubes\"\n\t\t\t\tdata-description=\"Brides pour tubes\"\n\t\t\t\tdata-image-slug=\"rohrbriden\"\n\t\t\t\t\t\t\t\t\t\t\t\t\t\t\t\t\t\t\t\tclass=\"ngg-fancybox\" rel=\"9ab394def886eebcaafa3bc16883f3a3\">\n\t\t\t\t\t\t\t\t<img\n\t\t\t\t\ttitle=\"Brides pour tubes\"\n\t\t\t\t\talt=\"Brides pour tubes\"\n\t\t\t\t\tsrc=\"https:\/\/www.schenkmetall.ch\/wp-content\/uploads\/sites\/1\/nggallery\/solution-globale\/thumbs\/thumbs_MG_0659-Auswahl.jpg\"\n\t\t\t\t\twidth=\"240\"\n\t\t\t\t\theight=\"160\"\n\t\t\t\t\tstyle=\"max-width:100%;\"\n\t\t\t\t\/>\n\t\t\t<\/a>\n\t\t<\/div>\n\t\t\t\t\t\t\t<\/div>\n\t\t\t\n\t\t\t\t<div id=\"ngg-image-2\" class=\"ngg-gallery-thumbnail-box\n\t\t\t\t\t\t\t\t\t\t\t\"\n\t\t\t>\n\t\t\t\t\t\t<div class=\"ngg-gallery-thumbnail\">\n\t\t\t<a href=\"https:\/\/www.schenkmetall.ch\/wp-content\/uploads\/sites\/1\/nggallery\/solution-globale\/MG_0682-Auswahl-korr-AS.jpg\"\n\t\t\t\ttitle=\"Bo\u00eetier pour catalyseur\"\n\t\t\t\tdata-src=\"https:\/\/www.schenkmetall.ch\/wp-content\/uploads\/sites\/1\/nggallery\/solution-globale\/MG_0682-Auswahl-korr-AS.jpg\"\n\t\t\t\tdata-thumbnail=\"https:\/\/www.schenkmetall.ch\/wp-content\/uploads\/sites\/1\/nggallery\/solution-globale\/thumbs\/thumbs_MG_0682-Auswahl-korr-AS.jpg\"\n\t\t\t\tdata-image-id=\"57\"\n\t\t\t\tdata-title=\"Bo\u00eetier pour catalyseur\"\n\t\t\t\tdata-description=\"Bo\u00eetier pour catalyseur\"\n\t\t\t\tdata-image-slug=\"geh%c3%a4use-zu-katalysator-1\"\n\t\t\t\t\t\t\t\t\t\t\t\t\t\t\t\t\t\t\t\tclass=\"ngg-fancybox\" rel=\"9ab394def886eebcaafa3bc16883f3a3\">\n\t\t\t\t\t\t\t\t<img\n\t\t\t\t\ttitle=\"Bo\u00eetier pour catalyseur\"\n\t\t\t\t\talt=\"Bo\u00eetier pour catalyseur\"\n\t\t\t\t\tsrc=\"https:\/\/www.schenkmetall.ch\/wp-content\/uploads\/sites\/1\/nggallery\/solution-globale\/thumbs\/thumbs_MG_0682-Auswahl-korr-AS.jpg\"\n\t\t\t\t\twidth=\"240\"\n\t\t\t\t\theight=\"160\"\n\t\t\t\t\tstyle=\"max-width:100%;\"\n\t\t\t\t\/>\n\t\t\t<\/a>\n\t\t<\/div>\n\t\t\t\t\t\t\t<\/div>\n\t\t\t\n\t\t\t\t<div id=\"ngg-image-3\" class=\"ngg-gallery-thumbnail-box\n\t\t\t\t\t\t\t\t\t\t\t\"\n\t\t\t>\n\t\t\t\t\t\t<div class=\"ngg-gallery-thumbnail\">\n\t\t\t<a href=\"https:\/\/www.schenkmetall.ch\/wp-content\/uploads\/sites\/1\/nggallery\/solution-globale\/DSC00251.jpg\"\n\t\t\t\ttitle=\"Entonnoir avec cylindre\"\n\t\t\t\tdata-src=\"https:\/\/www.schenkmetall.ch\/wp-content\/uploads\/sites\/1\/nggallery\/solution-globale\/DSC00251.jpg\"\n\t\t\t\tdata-thumbnail=\"https:\/\/www.schenkmetall.ch\/wp-content\/uploads\/sites\/1\/nggallery\/solution-globale\/thumbs\/thumbs_DSC00251.jpg\"\n\t\t\t\tdata-image-id=\"58\"\n\t\t\t\tdata-title=\"Entonnoir avec cylindre\"\n\t\t\t\tdata-description=\"Entonnoir avec cylindre\"\n\t\t\t\tdata-image-slug=\"trichter-mit-zylinder\"\n\t\t\t\t\t\t\t\t\t\t\t\t\t\t\t\t\t\t\t\tclass=\"ngg-fancybox\" rel=\"9ab394def886eebcaafa3bc16883f3a3\">\n\t\t\t\t\t\t\t\t<img\n\t\t\t\t\ttitle=\"Entonnoir avec cylindre\"\n\t\t\t\t\talt=\"Entonnoir avec cylindre\"\n\t\t\t\t\tsrc=\"https:\/\/www.schenkmetall.ch\/wp-content\/uploads\/sites\/1\/nggallery\/solution-globale\/thumbs\/thumbs_DSC00251.jpg\"\n\t\t\t\t\twidth=\"240\"\n\t\t\t\t\theight=\"160\"\n\t\t\t\t\tstyle=\"max-width:100%;\"\n\t\t\t\t\/>\n\t\t\t<\/a>\n\t\t<\/div>\n\t\t\t\t\t\t\t<\/div>\n\t\t\t\n\t\t\t\t<div id=\"ngg-image-4\" class=\"ngg-gallery-thumbnail-box\n\t\t\t\t\t\t\t\t\t\t\t\"\n\t\t\t>\n\t\t\t\t\t\t<div class=\"ngg-gallery-thumbnail\">\n\t\t\t<a href=\"https:\/\/www.schenkmetall.ch\/wp-content\/uploads\/sites\/1\/nggallery\/solution-globale\/DSC01088.jpg\"\n\t\t\t\ttitle=\"Cadre pour point d&#039;information\"\n\t\t\t\tdata-src=\"https:\/\/www.schenkmetall.ch\/wp-content\/uploads\/sites\/1\/nggallery\/solution-globale\/DSC01088.jpg\"\n\t\t\t\tdata-thumbnail=\"https:\/\/www.schenkmetall.ch\/wp-content\/uploads\/sites\/1\/nggallery\/solution-globale\/thumbs\/thumbs_DSC01088.jpg\"\n\t\t\t\tdata-image-id=\"59\"\n\t\t\t\tdata-title=\"Cadre pour point d&#039;information\"\n\t\t\t\tdata-description=\"Cadre pour point d&#039;information\"\n\t\t\t\tdata-image-slug=\"infostelle-rahmen\"\n\t\t\t\t\t\t\t\t\t\t\t\t\t\t\t\t\t\t\t\tclass=\"ngg-fancybox\" rel=\"9ab394def886eebcaafa3bc16883f3a3\">\n\t\t\t\t\t\t\t\t<img\n\t\t\t\t\ttitle=\"Cadre pour point d&#039;information\"\n\t\t\t\t\talt=\"Cadre pour point d&#039;information\"\n\t\t\t\t\tsrc=\"https:\/\/www.schenkmetall.ch\/wp-content\/uploads\/sites\/1\/nggallery\/solution-globale\/thumbs\/thumbs_DSC01088.jpg\"\n\t\t\t\t\twidth=\"240\"\n\t\t\t\t\theight=\"160\"\n\t\t\t\t\tstyle=\"max-width:100%;\"\n\t\t\t\t\/>\n\t\t\t<\/a>\n\t\t<\/div>\n\t\t\t\t\t\t\t<\/div>\n\t\t\t\n\t\t\t\t<div id=\"ngg-image-5\" class=\"ngg-gallery-thumbnail-box\n\t\t\t\t\t\t\t\t\t\t\t\"\n\t\t\t>\n\t\t\t\t\t\t<div class=\"ngg-gallery-thumbnail\">\n\t\t\t<a href=\"https:\/\/www.schenkmetall.ch\/wp-content\/uploads\/sites\/1\/nggallery\/solution-globale\/DSC01093.jpg\"\n\t\t\t\ttitle=\"Construction en acier chrom\u00e9\"\n\t\t\t\tdata-src=\"https:\/\/www.schenkmetall.ch\/wp-content\/uploads\/sites\/1\/nggallery\/solution-globale\/DSC01093.jpg\"\n\t\t\t\tdata-thumbnail=\"https:\/\/www.schenkmetall.ch\/wp-content\/uploads\/sites\/1\/nggallery\/solution-globale\/thumbs\/thumbs_DSC01093.jpg\"\n\t\t\t\tdata-image-id=\"60\"\n\t\t\t\tdata-title=\"Construction en acier chrom\u00e9\"\n\t\t\t\tdata-description=\"Construction en acier chrom\u00e9\"\n\t\t\t\tdata-image-slug=\"chromstahl-konstruktion\"\n\t\t\t\t\t\t\t\t\t\t\t\t\t\t\t\t\t\t\t\tclass=\"ngg-fancybox\" rel=\"9ab394def886eebcaafa3bc16883f3a3\">\n\t\t\t\t\t\t\t\t<img\n\t\t\t\t\ttitle=\"Construction en acier chrom\u00e9\"\n\t\t\t\t\talt=\"Construction en acier chrom\u00e9\"\n\t\t\t\t\tsrc=\"https:\/\/www.schenkmetall.ch\/wp-content\/uploads\/sites\/1\/nggallery\/solution-globale\/thumbs\/thumbs_DSC01093.jpg\"\n\t\t\t\t\twidth=\"240\"\n\t\t\t\t\theight=\"160\"\n\t\t\t\t\tstyle=\"max-width:100%;\"\n\t\t\t\t\/>\n\t\t\t<\/a>\n\t\t<\/div>\n\t\t\t\t\t\t\t<\/div>\n\t\t\t\n\t\t\t\t<div id=\"ngg-image-6\" class=\"ngg-gallery-thumbnail-box\n\t\t\t\t\t\t\t\t\t\t\t\"\n\t\t\t>\n\t\t\t\t\t\t<div class=\"ngg-gallery-thumbnail\">\n\t\t\t<a href=\"https:\/\/www.schenkmetall.ch\/wp-content\/uploads\/sites\/1\/nggallery\/solution-globale\/PC113825.jpg\"\n\t\t\t\ttitle=\"Barri\u00e8res de s\u00e9curit\u00e9\"\n\t\t\t\tdata-src=\"https:\/\/www.schenkmetall.ch\/wp-content\/uploads\/sites\/1\/nggallery\/solution-globale\/PC113825.jpg\"\n\t\t\t\tdata-thumbnail=\"https:\/\/www.schenkmetall.ch\/wp-content\/uploads\/sites\/1\/nggallery\/solution-globale\/thumbs\/thumbs_PC113825.jpg\"\n\t\t\t\tdata-image-id=\"61\"\n\t\t\t\tdata-title=\"Barri\u00e8res de s\u00e9curit\u00e9\"\n\t\t\t\tdata-description=\"Barri\u00e8res de s\u00e9curit\u00e9\"\n\t\t\t\tdata-image-slug=\"absperrgitter-1\"\n\t\t\t\t\t\t\t\t\t\t\t\t\t\t\t\t\t\t\t\tclass=\"ngg-fancybox\" rel=\"9ab394def886eebcaafa3bc16883f3a3\">\n\t\t\t\t\t\t\t\t<img\n\t\t\t\t\ttitle=\"Barri\u00e8res de s\u00e9curit\u00e9\"\n\t\t\t\t\talt=\"Barri\u00e8res de s\u00e9curit\u00e9\"\n\t\t\t\t\tsrc=\"https:\/\/www.schenkmetall.ch\/wp-content\/uploads\/sites\/1\/nggallery\/solution-globale\/thumbs\/thumbs_PC113825.jpg\"\n\t\t\t\t\twidth=\"240\"\n\t\t\t\t\theight=\"160\"\n\t\t\t\t\tstyle=\"max-width:100%;\"\n\t\t\t\t\/>\n\t\t\t<\/a>\n\t\t<\/div>\n\t\t\t\t\t\t\t<\/div>\n\t\t\t\n\t\t\t\t<div id=\"ngg-image-7\" class=\"ngg-gallery-thumbnail-box\n\t\t\t\t\t\t\t\t\t\t\t\"\n\t\t\t>\n\t\t\t\t\t\t<div class=\"ngg-gallery-thumbnail\">\n\t\t\t<a href=\"https:\/\/www.schenkmetall.ch\/wp-content\/uploads\/sites\/1\/nggallery\/solution-globale\/MG_0617.JPG\"\n\t\t\t\ttitle=\"Cylindre en t\u00f4le\"\n\t\t\t\tdata-src=\"https:\/\/www.schenkmetall.ch\/wp-content\/uploads\/sites\/1\/nggallery\/solution-globale\/MG_0617.JPG\"\n\t\t\t\tdata-thumbnail=\"https:\/\/www.schenkmetall.ch\/wp-content\/uploads\/sites\/1\/nggallery\/solution-globale\/thumbs\/thumbs_MG_0617.JPG\"\n\t\t\t\tdata-image-id=\"62\"\n\t\t\t\tdata-title=\"Cylindre en t\u00f4le\"\n\t\t\t\tdata-description=\"Cylindre en t\u00f4le\"\n\t\t\t\tdata-image-slug=\"blechzylinder\"\n\t\t\t\t\t\t\t\t\t\t\t\t\t\t\t\t\t\t\t\tclass=\"ngg-fancybox\" rel=\"9ab394def886eebcaafa3bc16883f3a3\">\n\t\t\t\t\t\t\t\t<img\n\t\t\t\t\ttitle=\"Cylindre en t\u00f4le\"\n\t\t\t\t\talt=\"Cylindre en t\u00f4le\"\n\t\t\t\t\tsrc=\"https:\/\/www.schenkmetall.ch\/wp-content\/uploads\/sites\/1\/nggallery\/solution-globale\/thumbs\/thumbs_MG_0617.JPG\"\n\t\t\t\t\twidth=\"240\"\n\t\t\t\t\theight=\"160\"\n\t\t\t\t\tstyle=\"max-width:100%;\"\n\t\t\t\t\/>\n\t\t\t<\/a>\n\t\t<\/div>\n\t\t\t\t\t\t\t<\/div>\n\t\t\t\n\t\n\t<br style=\"clear: both\" \/>\n\n\t\n\t\t<!-- Pagination -->\n\t\t<div class='ngg-clear'><\/div>\t<\/div>\n<\/p>\n","protected":false},"excerpt":{"rendered":"<p>Notre offre comprend aussi des solutions globales incluant le per\u00e7age, [&hellip;]<\/p>\n","protected":false},"author":1,"featured_media":518,"parent":0,"menu_order":4,"comment_status":"closed","ping_status":"closed","template":"","meta":{"ngg_post_thumbnail":0},"yoast_head":"<!-- This site is optimized with the Yoast SEO plugin v17.7.1 - https:\/\/yoast.com\/wordpress\/plugins\/seo\/ -->\n<title>Solution globale - SCHENK METALL<\/title>\n<meta name=\"description\" content=\"Notre offre comprend aussi des solutions globales incluant le per\u00e7age, le fraisage, le soudage, le pon\u00e7age et le polissage.\" \/>\n<meta name=\"robots\" content=\"index, follow, max-snippet:-1, max-image-preview:large, max-video-preview:-1\" \/>\n<link rel=\"canonical\" href=\"https:\/\/www.schenkmetall.ch\/fr\/solution-globale\/\" \/>\n<meta property=\"og:locale\" content=\"fr_FR\" \/>\n<meta property=\"og:type\" content=\"article\" \/>\n<meta property=\"og:title\" content=\"Solution globale - SCHENK METALL\" \/>\n<meta property=\"og:description\" content=\"Notre offre comprend aussi des solutions globales incluant le per\u00e7age, le fraisage, le soudage, le pon\u00e7age et le polissage.\" \/>\n<meta property=\"og:url\" content=\"https:\/\/www.schenkmetall.ch\/fr\/solution-globale\/\" \/>\n<meta property=\"og:site_name\" content=\"SCHENK METALL\" \/>\n<meta property=\"article:modified_time\" content=\"2021-12-11T19:42:50+00:00\" \/>\n<meta property=\"og:image\" content=\"https:\/\/www.schenkmetall.ch\/wp-content\/uploads\/2021\/09\/Home_Gesamloesung.jpg\" \/>\n\t<meta property=\"og:image:width\" content=\"200\" \/>\n\t<meta property=\"og:image:height\" content=\"200\" \/>\n<meta name=\"twitter:card\" content=\"summary\" \/>\n<script type=\"application\/ld+json\" class=\"yoast-schema-graph\">{\"@context\":\"https:\/\/schema.org\",\"@graph\":[{\"@type\":\"WebSite\",\"@id\":\"https:\/\/www.schenkmetall.ch\/#website\",\"url\":\"https:\/\/www.schenkmetall.ch\/\",\"name\":\"SCHENK METALL\",\"description\":\"Cintrage de tubes, cintrage de profil\\u00e9s ainsi que cintrage & laminage de t\\u00f4les\",\"potentialAction\":[{\"@type\":\"SearchAction\",\"target\":{\"@type\":\"EntryPoint\",\"urlTemplate\":\"https:\/\/www.schenkmetall.ch\/?s={search_term_string}\"},\"query-input\":\"required name=search_term_string\"}],\"inLanguage\":\"fr-FR\"},{\"@type\":\"ImageObject\",\"@id\":\"https:\/\/www.schenkmetall.ch\/fr\/solution-globale\/#primaryimage\",\"inLanguage\":\"fr-FR\",\"url\":\"https:\/\/www.schenkmetall.ch\/wp-content\/uploads\/2021\/09\/Home_Gesamloesung.jpg\",\"contentUrl\":\"https:\/\/www.schenkmetall.ch\/wp-content\/uploads\/2021\/09\/Home_Gesamloesung.jpg\",\"width\":200,\"height\":200},{\"@type\":\"WebPage\",\"@id\":\"https:\/\/www.schenkmetall.ch\/fr\/solution-globale\/#webpage\",\"url\":\"https:\/\/www.schenkmetall.ch\/fr\/solution-globale\/\",\"name\":\"Solution globale - SCHENK METALL\",\"isPartOf\":{\"@id\":\"https:\/\/www.schenkmetall.ch\/#website\"},\"primaryImageOfPage\":{\"@id\":\"https:\/\/www.schenkmetall.ch\/fr\/solution-globale\/#primaryimage\"},\"datePublished\":\"2015-11-27T20:08:35+00:00\",\"dateModified\":\"2021-12-11T19:42:50+00:00\",\"description\":\"Notre offre comprend aussi des solutions globales incluant le per\\u00e7age, le fraisage, le soudage, le pon\\u00e7age et le polissage.\",\"breadcrumb\":{\"@id\":\"https:\/\/www.schenkmetall.ch\/fr\/solution-globale\/#breadcrumb\"},\"inLanguage\":\"fr-FR\",\"potentialAction\":[{\"@type\":\"ReadAction\",\"target\":[\"https:\/\/www.schenkmetall.ch\/fr\/solution-globale\/\"]}]},{\"@type\":\"BreadcrumbList\",\"@id\":\"https:\/\/www.schenkmetall.ch\/fr\/solution-globale\/#breadcrumb\",\"itemListElement\":[{\"@type\":\"ListItem\",\"position\":1,\"name\":\"Startseite\",\"item\":\"https:\/\/www.schenkmetall.ch\/\"},{\"@type\":\"ListItem\",\"position\":2,\"name\":\"Solution globale\"}]}]}<\/script>\n<!-- \/ Yoast SEO plugin. -->","yoast_head_json":{"title":"Solution globale - SCHENK METALL","description":"Notre offre comprend aussi des solutions globales incluant le per\u00e7age, le fraisage, le soudage, le pon\u00e7age et le polissage.","robots":{"index":"index","follow":"follow","max-snippet":"max-snippet:-1","max-image-preview":"max-image-preview:large","max-video-preview":"max-video-preview:-1"},"canonical":"https:\/\/www.schenkmetall.ch\/fr\/solution-globale\/","og_locale":"fr_FR","og_type":"article","og_title":"Solution globale - SCHENK METALL","og_description":"Notre offre comprend aussi des solutions globales incluant le per\u00e7age, le fraisage, le soudage, le pon\u00e7age et le polissage.","og_url":"https:\/\/www.schenkmetall.ch\/fr\/solution-globale\/","og_site_name":"SCHENK METALL","article_modified_time":"2021-12-11T19:42:50+00:00","og_image":[{"width":200,"height":200,"url":"https:\/\/www.schenkmetall.ch\/wp-content\/uploads\/2021\/09\/Home_Gesamloesung.jpg","type":"image\/jpeg"}],"twitter_card":"summary","schema":{"@context":"https:\/\/schema.org","@graph":[{"@type":"WebSite","@id":"https:\/\/www.schenkmetall.ch\/#website","url":"https:\/\/www.schenkmetall.ch\/","name":"SCHENK METALL","description":"Cintrage de tubes, cintrage de profil\u00e9s ainsi que cintrage & laminage de t\u00f4les","potentialAction":[{"@type":"SearchAction","target":{"@type":"EntryPoint","urlTemplate":"https:\/\/www.schenkmetall.ch\/?s={search_term_string}"},"query-input":"required name=search_term_string"}],"inLanguage":"fr-FR"},{"@type":"ImageObject","@id":"https:\/\/www.schenkmetall.ch\/fr\/solution-globale\/#primaryimage","inLanguage":"fr-FR","url":"https:\/\/www.schenkmetall.ch\/wp-content\/uploads\/2021\/09\/Home_Gesamloesung.jpg","contentUrl":"https:\/\/www.schenkmetall.ch\/wp-content\/uploads\/2021\/09\/Home_Gesamloesung.jpg","width":200,"height":200},{"@type":"WebPage","@id":"https:\/\/www.schenkmetall.ch\/fr\/solution-globale\/#webpage","url":"https:\/\/www.schenkmetall.ch\/fr\/solution-globale\/","name":"Solution globale - SCHENK METALL","isPartOf":{"@id":"https:\/\/www.schenkmetall.ch\/#website"},"primaryImageOfPage":{"@id":"https:\/\/www.schenkmetall.ch\/fr\/solution-globale\/#primaryimage"},"datePublished":"2015-11-27T20:08:35+00:00","dateModified":"2021-12-11T19:42:50+00:00","description":"Notre offre comprend aussi des solutions globales incluant le per\u00e7age, le fraisage, le soudage, le pon\u00e7age et le polissage.","breadcrumb":{"@id":"https:\/\/www.schenkmetall.ch\/fr\/solution-globale\/#breadcrumb"},"inLanguage":"fr-FR","potentialAction":[{"@type":"ReadAction","target":["https:\/\/www.schenkmetall.ch\/fr\/solution-globale\/"]}]},{"@type":"BreadcrumbList","@id":"https:\/\/www.schenkmetall.ch\/fr\/solution-globale\/#breadcrumb","itemListElement":[{"@type":"ListItem","position":1,"name":"Startseite","item":"https:\/\/www.schenkmetall.ch\/"},{"@type":"ListItem","position":2,"name":"Solution globale"}]}]}},"_links":{"self":[{"href":"https:\/\/www.schenkmetall.ch\/fr\/wp-json\/wp\/v2\/pages\/411"}],"collection":[{"href":"https:\/\/www.schenkmetall.ch\/fr\/wp-json\/wp\/v2\/pages"}],"about":[{"href":"https:\/\/www.schenkmetall.ch\/fr\/wp-json\/wp\/v2\/types\/page"}],"author":[{"embeddable":true,"href":"https:\/\/www.schenkmetall.ch\/fr\/wp-json\/wp\/v2\/users\/1"}],"replies":[{"embeddable":true,"href":"https:\/\/www.schenkmetall.ch\/fr\/wp-json\/wp\/v2\/comments?post=411"}],"version-history":[{"count":4,"href":"https:\/\/www.schenkmetall.ch\/fr\/wp-json\/wp\/v2\/pages\/411\/revisions"}],"predecessor-version":[{"id":543,"href":"https:\/\/www.schenkmetall.ch\/fr\/wp-json\/wp\/v2\/pages\/411\/revisions\/543"}],"wp:featuredmedia":[{"embeddable":true,"href":"https:\/\/www.schenkmetall.ch\/fr\/wp-json\/wp\/v2\/media\/518"}],"wp:attachment":[{"href":"https:\/\/www.schenkmetall.ch\/fr\/wp-json\/wp\/v2\/media?parent=411"}],"curies":[{"name":"wp","href":"https:\/\/api.w.org\/{rel}","templated":true}]}}