{"id":397,"date":"2015-11-27T21:05:29","date_gmt":"2015-11-27T20:05:29","guid":{"rendered":"http:\/\/www.schenkmetall.ch\/fr\/?page_id=397"},"modified":"2021-12-11T20:42:00","modified_gmt":"2021-12-11T19:42:00","slug":"cintrage-laminage-de-toles","status":"publish","type":"page","link":"https:\/\/www.schenkmetall.ch\/fr\/cintrage-laminage-de-toles\/","title":{"rendered":"Cintrage &#038; laminage de t\u00f4les"},"content":{"rendered":"<p>Au moyen de nos machines de roulage de t\u00f4le \u00e0 commande num\u00e9rique \u00e0 4 rouleaux qui&nbsp;pr\u00e9sentent une longueur de 1 + 3 m\u00e8tres, nous sommes en mesure de produire des t\u00f4les&nbsp;cintr\u00e9es et lamin\u00e9es \u00e0 un haut niveau de pr\u00e9cision, m\u00eame pour des \u00e9l\u00e9ments dont la surface est&nbsp;fragile.<\/p>\n<p><!-- default-view.php -->\n<div\n\tclass=\"ngg-galleryoverview default-view\n\t ngg-ajax-pagination-none\t\"\n\tid=\"ngg-gallery-fe98cf4c8966ccddbae9294a158278e3-1\"\n\tdata-nextgen-gallery-id=\"7\"\n\tdata-gallery-id=\"7\"\n\t\tdata-gallery-name=\"T\u00f4les\"\n\t>\n\n\t\t<!-- Thumbnails -->\n\t\t\t\t<div id=\"ngg-image-0\" class=\"ngg-gallery-thumbnail-box\n\t\t\t\t\t\t\t\t\t\t\t\"\n\t\t\t>\n\t\t\t\t\t\t<div class=\"ngg-gallery-thumbnail\">\n\t\t<a href=\"https:\/\/www.schenkmetall.ch\/wp-content\/uploads\/sites\/1\/nggallery\/toles\/MG_0725.JPG?t=1633326146\"\n\t\t\ttitle=\"Roulage de t\u00f4le\"\n\t\t\tdata-src=\"https:\/\/www.schenkmetall.ch\/wp-content\/uploads\/sites\/1\/nggallery\/toles\/MG_0725.JPG?t=1633326146\"\n\t\t\tdata-thumbnail=\"https:\/\/www.schenkmetall.ch\/wp-content\/uploads\/sites\/1\/nggallery\/toles\/thumbs\/thumbs_MG_0725.JPG?t=1633326146\"\n\t\t\tdata-image-id=\"51\"\n\t\t\tdata-image-name=\"MG_0725.JPG\"\n\t\t\tdata-title=\"Roulage de t\u00f4le\"\n\t\t\tdata-description=\"Roulage de t\u00f4le\"\n\t\t\tdata-image-slug=\"blech-runden\"\n\t\t\t\t\t\t\t\t\t\t\t\t\t\t\t\t\t\t\t\tclass=\"ngg-fancybox\" rel=\"fe98cf4c8966ccddbae9294a158278e3\">\n\t\t\t\t\t\t\t\t<img\n\t\t\t\t\ttitle=\"Roulage de t\u00f4le\"\n\t\t\t\t\talt=\"Roulage de t\u00f4le\"\n\t\t\t\t\tsrc=\"https:\/\/www.schenkmetall.ch\/wp-content\/uploads\/sites\/1\/nggallery\/toles\/thumbs\/thumbs_MG_0725.JPG?t=1633326146\"\n\t\t\t\t\twidth=\"240\"\n\t\t\t\t\theight=\"160\"\n\t\t\t\t\tstyle=\"max-width:100%;\"\n\t\t\t\t\/>\n\t\t\t<\/a>\n\t\t<\/div>\n\t\t\t\t\t\t\t<\/div>\n\t\t\t\n\t\t\t\t<div id=\"ngg-image-1\" class=\"ngg-gallery-thumbnail-box\n\t\t\t\t\t\t\t\t\t\t\t\"\n\t\t\t>\n\t\t\t\t\t\t<div class=\"ngg-gallery-thumbnail\">\n\t\t<a href=\"https:\/\/www.schenkmetall.ch\/wp-content\/uploads\/sites\/1\/nggallery\/toles\/MG_0974.JPG?t=1448654846\"\n\t\t\ttitle=\"Protection anticollision\"\n\t\t\tdata-src=\"https:\/\/www.schenkmetall.ch\/wp-content\/uploads\/sites\/1\/nggallery\/toles\/MG_0974.JPG?t=1448654846\"\n\t\t\tdata-thumbnail=\"https:\/\/www.schenkmetall.ch\/wp-content\/uploads\/sites\/1\/nggallery\/toles\/thumbs\/thumbs_MG_0974.JPG?t=1448654846\"\n\t\t\tdata-image-id=\"52\"\n\t\t\tdata-image-name=\"MG_0974.JPG\"\n\t\t\tdata-title=\"Protection anticollision\"\n\t\t\tdata-description=\"Protection anticollision\"\n\t\t\tdata-image-slug=\"rammschutz\"\n\t\t\t\t\t\t\t\t\t\t\t\t\t\t\t\t\t\t\t\tclass=\"ngg-fancybox\" rel=\"fe98cf4c8966ccddbae9294a158278e3\">\n\t\t\t\t\t\t\t\t<img\n\t\t\t\t\ttitle=\"Protection anticollision\"\n\t\t\t\t\talt=\"Protection anticollision\"\n\t\t\t\t\tsrc=\"https:\/\/www.schenkmetall.ch\/wp-content\/uploads\/sites\/1\/nggallery\/toles\/thumbs\/thumbs_MG_0974.JPG?t=1448654846\"\n\t\t\t\t\twidth=\"240\"\n\t\t\t\t\theight=\"160\"\n\t\t\t\t\tstyle=\"max-width:100%;\"\n\t\t\t\t\/>\n\t\t\t<\/a>\n\t\t<\/div>\n\t\t\t\t\t\t\t<\/div>\n\t\t\t\n\t\t\t\t<div id=\"ngg-image-2\" class=\"ngg-gallery-thumbnail-box\n\t\t\t\t\t\t\t\t\t\t\t\"\n\t\t\t>\n\t\t\t\t\t\t<div class=\"ngg-gallery-thumbnail\">\n\t\t<a href=\"https:\/\/www.schenkmetall.ch\/wp-content\/uploads\/sites\/1\/nggallery\/toles\/DSC01156.jpg?t=1448654846\"\n\t\t\ttitle=\"Limon\"\n\t\t\tdata-src=\"https:\/\/www.schenkmetall.ch\/wp-content\/uploads\/sites\/1\/nggallery\/toles\/DSC01156.jpg?t=1448654846\"\n\t\t\tdata-thumbnail=\"https:\/\/www.schenkmetall.ch\/wp-content\/uploads\/sites\/1\/nggallery\/toles\/thumbs\/thumbs_DSC01156.jpg?t=1448654846\"\n\t\t\tdata-image-id=\"53\"\n\t\t\tdata-image-name=\"DSC01156.jpg\"\n\t\t\tdata-title=\"Limon\"\n\t\t\tdata-description=\"Limon\"\n\t\t\tdata-image-slug=\"treppenwange\"\n\t\t\t\t\t\t\t\t\t\t\t\t\t\t\t\t\t\t\t\tclass=\"ngg-fancybox\" rel=\"fe98cf4c8966ccddbae9294a158278e3\">\n\t\t\t\t\t\t\t\t<img\n\t\t\t\t\ttitle=\"Limon\"\n\t\t\t\t\talt=\"Limon\"\n\t\t\t\t\tsrc=\"https:\/\/www.schenkmetall.ch\/wp-content\/uploads\/sites\/1\/nggallery\/toles\/thumbs\/thumbs_DSC01156.jpg?t=1448654846\"\n\t\t\t\t\twidth=\"240\"\n\t\t\t\t\theight=\"160\"\n\t\t\t\t\tstyle=\"max-width:100%;\"\n\t\t\t\t\/>\n\t\t\t<\/a>\n\t\t<\/div>\n\t\t\t\t\t\t\t<\/div>\n\t\t\t\n\t\t\t\t<div id=\"ngg-image-3\" class=\"ngg-gallery-thumbnail-box\n\t\t\t\t\t\t\t\t\t\t\t\"\n\t\t\t>\n\t\t\t\t\t\t<div class=\"ngg-gallery-thumbnail\">\n\t\t<a href=\"https:\/\/www.schenkmetall.ch\/wp-content\/uploads\/sites\/1\/nggallery\/toles\/MG_0821.JPG?t=1448654846\"\n\t\t\ttitle=\"Chanfreinage\"\n\t\t\tdata-src=\"https:\/\/www.schenkmetall.ch\/wp-content\/uploads\/sites\/1\/nggallery\/toles\/MG_0821.JPG?t=1448654846\"\n\t\t\tdata-thumbnail=\"https:\/\/www.schenkmetall.ch\/wp-content\/uploads\/sites\/1\/nggallery\/toles\/thumbs\/thumbs_MG_0821.JPG?t=1448654846\"\n\t\t\tdata-image-id=\"54\"\n\t\t\tdata-image-name=\"MG_0821.JPG\"\n\t\t\tdata-title=\"Chanfreinage\"\n\t\t\tdata-description=\"Chanfreinage\"\n\t\t\tdata-image-slug=\"abkanten\"\n\t\t\t\t\t\t\t\t\t\t\t\t\t\t\t\t\t\t\t\tclass=\"ngg-fancybox\" rel=\"fe98cf4c8966ccddbae9294a158278e3\">\n\t\t\t\t\t\t\t\t<img\n\t\t\t\t\ttitle=\"Chanfreinage\"\n\t\t\t\t\talt=\"Chanfreinage\"\n\t\t\t\t\tsrc=\"https:\/\/www.schenkmetall.ch\/wp-content\/uploads\/sites\/1\/nggallery\/toles\/thumbs\/thumbs_MG_0821.JPG?t=1448654846\"\n\t\t\t\t\twidth=\"240\"\n\t\t\t\t\theight=\"160\"\n\t\t\t\t\tstyle=\"max-width:100%;\"\n\t\t\t\t\/>\n\t\t\t<\/a>\n\t\t<\/div>\n\t\t\t\t\t\t\t<\/div>\n\t\t\t\n\t\n\t<br style=\"clear: both\" \/>\n\n\t\n\t\t<!-- Pagination -->\n\t\t<div class='ngg-clear'><\/div>\t<\/div>\n<\/p>\n","protected":false},"excerpt":{"rendered":"<p>Au moyen de nos machines de roulage de t\u00f4le \u00e0 [&hellip;]<\/p>\n","protected":false},"author":1,"featured_media":509,"parent":0,"menu_order":3,"comment_status":"closed","ping_status":"closed","template":"","meta":{"ngg_post_thumbnail":0},"yoast_head":"<!-- This site is optimized with the Yoast SEO plugin v17.7.1 - https:\/\/yoast.com\/wordpress\/plugins\/seo\/ -->\n<title>Cintrage &amp; laminage de t\u00f4les - SCHENK METALL<\/title>\n<meta name=\"description\" content=\"Nous sommes en mesure de produire des t\u00f4les cintr\u00e9es et lamin\u00e9es \u00e0 un haut niveau de pr\u00e9cision, m\u00eame pour des \u00e9l\u00e9ments dont la surface est fragile.\" \/>\n<meta name=\"robots\" content=\"index, follow, max-snippet:-1, max-image-preview:large, max-video-preview:-1\" \/>\n<link rel=\"canonical\" href=\"https:\/\/www.schenkmetall.ch\/fr\/cintrage-laminage-de-toles\/\" \/>\n<meta property=\"og:locale\" content=\"fr_FR\" \/>\n<meta property=\"og:type\" content=\"article\" \/>\n<meta property=\"og:title\" content=\"Cintrage &amp; laminage de t\u00f4les - SCHENK METALL\" \/>\n<meta property=\"og:description\" content=\"Nous sommes en mesure de produire des t\u00f4les cintr\u00e9es et lamin\u00e9es \u00e0 un haut niveau de pr\u00e9cision, m\u00eame pour des \u00e9l\u00e9ments dont la surface est fragile.\" \/>\n<meta property=\"og:url\" content=\"https:\/\/www.schenkmetall.ch\/fr\/cintrage-laminage-de-toles\/\" \/>\n<meta property=\"og:site_name\" content=\"SCHENK METALL\" \/>\n<meta property=\"article:modified_time\" content=\"2021-12-11T19:42:00+00:00\" \/>\n<meta property=\"og:image\" content=\"https:\/\/www.schenkmetall.ch\/wp-content\/uploads\/2014\/04\/Home_Blech1.jpg\" \/>\n\t<meta property=\"og:image:width\" content=\"200\" \/>\n\t<meta property=\"og:image:height\" content=\"200\" \/>\n<meta name=\"twitter:card\" content=\"summary\" \/>\n<script type=\"application\/ld+json\" class=\"yoast-schema-graph\">{\"@context\":\"https:\/\/schema.org\",\"@graph\":[{\"@type\":\"WebSite\",\"@id\":\"https:\/\/www.schenkmetall.ch\/#website\",\"url\":\"https:\/\/www.schenkmetall.ch\/\",\"name\":\"SCHENK METALL\",\"description\":\"Cintrage de tubes, cintrage de profil\\u00e9s ainsi que cintrage & laminage de t\\u00f4les\",\"potentialAction\":[{\"@type\":\"SearchAction\",\"target\":{\"@type\":\"EntryPoint\",\"urlTemplate\":\"https:\/\/www.schenkmetall.ch\/?s={search_term_string}\"},\"query-input\":\"required name=search_term_string\"}],\"inLanguage\":\"fr-FR\"},{\"@type\":\"ImageObject\",\"@id\":\"https:\/\/www.schenkmetall.ch\/fr\/cintrage-laminage-de-toles\/#primaryimage\",\"inLanguage\":\"fr-FR\",\"url\":\"https:\/\/www.schenkmetall.ch\/wp-content\/uploads\/2014\/04\/Home_Blech1.jpg\",\"contentUrl\":\"https:\/\/www.schenkmetall.ch\/wp-content\/uploads\/2014\/04\/Home_Blech1.jpg\",\"width\":200,\"height\":200},{\"@type\":\"WebPage\",\"@id\":\"https:\/\/www.schenkmetall.ch\/fr\/cintrage-laminage-de-toles\/#webpage\",\"url\":\"https:\/\/www.schenkmetall.ch\/fr\/cintrage-laminage-de-toles\/\",\"name\":\"Cintrage & laminage de t\\u00f4les - SCHENK METALL\",\"isPartOf\":{\"@id\":\"https:\/\/www.schenkmetall.ch\/#website\"},\"primaryImageOfPage\":{\"@id\":\"https:\/\/www.schenkmetall.ch\/fr\/cintrage-laminage-de-toles\/#primaryimage\"},\"datePublished\":\"2015-11-27T20:05:29+00:00\",\"dateModified\":\"2021-12-11T19:42:00+00:00\",\"description\":\"Nous sommes en mesure de produire des t\\u00f4les cintr\\u00e9es et lamin\\u00e9es \\u00e0 un haut niveau de pr\\u00e9cision, m\\u00eame pour des \\u00e9l\\u00e9ments dont la surface est fragile.\",\"breadcrumb\":{\"@id\":\"https:\/\/www.schenkmetall.ch\/fr\/cintrage-laminage-de-toles\/#breadcrumb\"},\"inLanguage\":\"fr-FR\",\"potentialAction\":[{\"@type\":\"ReadAction\",\"target\":[\"https:\/\/www.schenkmetall.ch\/fr\/cintrage-laminage-de-toles\/\"]}]},{\"@type\":\"BreadcrumbList\",\"@id\":\"https:\/\/www.schenkmetall.ch\/fr\/cintrage-laminage-de-toles\/#breadcrumb\",\"itemListElement\":[{\"@type\":\"ListItem\",\"position\":1,\"name\":\"Startseite\",\"item\":\"https:\/\/www.schenkmetall.ch\/\"},{\"@type\":\"ListItem\",\"position\":2,\"name\":\"Cintrage &#038; laminage de t\\u00f4les\"}]}]}<\/script>\n<!-- \/ Yoast SEO plugin. -->","yoast_head_json":{"title":"Cintrage & laminage de t\u00f4les - SCHENK METALL","description":"Nous sommes en mesure de produire des t\u00f4les cintr\u00e9es et lamin\u00e9es \u00e0 un haut niveau de pr\u00e9cision, m\u00eame pour des \u00e9l\u00e9ments dont la surface est fragile.","robots":{"index":"index","follow":"follow","max-snippet":"max-snippet:-1","max-image-preview":"max-image-preview:large","max-video-preview":"max-video-preview:-1"},"canonical":"https:\/\/www.schenkmetall.ch\/fr\/cintrage-laminage-de-toles\/","og_locale":"fr_FR","og_type":"article","og_title":"Cintrage & laminage de t\u00f4les - SCHENK METALL","og_description":"Nous sommes en mesure de produire des t\u00f4les cintr\u00e9es et lamin\u00e9es \u00e0 un haut niveau de pr\u00e9cision, m\u00eame pour des \u00e9l\u00e9ments dont la surface est fragile.","og_url":"https:\/\/www.schenkmetall.ch\/fr\/cintrage-laminage-de-toles\/","og_site_name":"SCHENK METALL","article_modified_time":"2021-12-11T19:42:00+00:00","og_image":[{"width":200,"height":200,"url":"https:\/\/www.schenkmetall.ch\/wp-content\/uploads\/2014\/04\/Home_Blech1.jpg","type":"image\/jpeg"}],"twitter_card":"summary","schema":{"@context":"https:\/\/schema.org","@graph":[{"@type":"WebSite","@id":"https:\/\/www.schenkmetall.ch\/#website","url":"https:\/\/www.schenkmetall.ch\/","name":"SCHENK METALL","description":"Cintrage de tubes, cintrage de profil\u00e9s ainsi que cintrage & laminage de t\u00f4les","potentialAction":[{"@type":"SearchAction","target":{"@type":"EntryPoint","urlTemplate":"https:\/\/www.schenkmetall.ch\/?s={search_term_string}"},"query-input":"required name=search_term_string"}],"inLanguage":"fr-FR"},{"@type":"ImageObject","@id":"https:\/\/www.schenkmetall.ch\/fr\/cintrage-laminage-de-toles\/#primaryimage","inLanguage":"fr-FR","url":"https:\/\/www.schenkmetall.ch\/wp-content\/uploads\/2014\/04\/Home_Blech1.jpg","contentUrl":"https:\/\/www.schenkmetall.ch\/wp-content\/uploads\/2014\/04\/Home_Blech1.jpg","width":200,"height":200},{"@type":"WebPage","@id":"https:\/\/www.schenkmetall.ch\/fr\/cintrage-laminage-de-toles\/#webpage","url":"https:\/\/www.schenkmetall.ch\/fr\/cintrage-laminage-de-toles\/","name":"Cintrage & laminage de t\u00f4les - SCHENK METALL","isPartOf":{"@id":"https:\/\/www.schenkmetall.ch\/#website"},"primaryImageOfPage":{"@id":"https:\/\/www.schenkmetall.ch\/fr\/cintrage-laminage-de-toles\/#primaryimage"},"datePublished":"2015-11-27T20:05:29+00:00","dateModified":"2021-12-11T19:42:00+00:00","description":"Nous sommes en mesure de produire des t\u00f4les cintr\u00e9es et lamin\u00e9es \u00e0 un haut niveau de pr\u00e9cision, m\u00eame pour des \u00e9l\u00e9ments dont la surface est fragile.","breadcrumb":{"@id":"https:\/\/www.schenkmetall.ch\/fr\/cintrage-laminage-de-toles\/#breadcrumb"},"inLanguage":"fr-FR","potentialAction":[{"@type":"ReadAction","target":["https:\/\/www.schenkmetall.ch\/fr\/cintrage-laminage-de-toles\/"]}]},{"@type":"BreadcrumbList","@id":"https:\/\/www.schenkmetall.ch\/fr\/cintrage-laminage-de-toles\/#breadcrumb","itemListElement":[{"@type":"ListItem","position":1,"name":"Startseite","item":"https:\/\/www.schenkmetall.ch\/"},{"@type":"ListItem","position":2,"name":"Cintrage &#038; laminage de t\u00f4les"}]}]}},"_links":{"self":[{"href":"https:\/\/www.schenkmetall.ch\/fr\/wp-json\/wp\/v2\/pages\/397"}],"collection":[{"href":"https:\/\/www.schenkmetall.ch\/fr\/wp-json\/wp\/v2\/pages"}],"about":[{"href":"https:\/\/www.schenkmetall.ch\/fr\/wp-json\/wp\/v2\/types\/page"}],"author":[{"embeddable":true,"href":"https:\/\/www.schenkmetall.ch\/fr\/wp-json\/wp\/v2\/users\/1"}],"replies":[{"embeddable":true,"href":"https:\/\/www.schenkmetall.ch\/fr\/wp-json\/wp\/v2\/comments?post=397"}],"version-history":[{"count":4,"href":"https:\/\/www.schenkmetall.ch\/fr\/wp-json\/wp\/v2\/pages\/397\/revisions"}],"predecessor-version":[{"id":542,"href":"https:\/\/www.schenkmetall.ch\/fr\/wp-json\/wp\/v2\/pages\/397\/revisions\/542"}],"wp:featuredmedia":[{"embeddable":true,"href":"https:\/\/www.schenkmetall.ch\/fr\/wp-json\/wp\/v2\/media\/509"}],"wp:attachment":[{"href":"https:\/\/www.schenkmetall.ch\/fr\/wp-json\/wp\/v2\/media?parent=397"}],"curies":[{"name":"wp","href":"https:\/\/api.w.org\/{rel}","templated":true}]}}