{"id":350,"date":"2015-11-27T20:55:01","date_gmt":"2015-11-27T19:55:01","guid":{"rendered":"http:\/\/www.schenkmetall.ch\/fr\/?page_id=350"},"modified":"2021-12-11T20:39:25","modified_gmt":"2021-12-11T19:39:25","slug":"cintrage-de-tubes","status":"publish","type":"page","link":"https:\/\/www.schenkmetall.ch\/fr\/cintrage-de-tubes\/","title":{"rendered":"Cintrage de tubes"},"content":{"rendered":"<p>Cintrage de tubes sur des dispositifs automatiques de cintrage de tubes \u00e0 la pointe de la&nbsp;technique. Nous travaillons jusqu&rsquo;\u00e0 des diam\u00e8tres de tubes de 88.9 mm et sommes en mesure&nbsp;de produire pour vous des pi\u00e8ces uniques tout autant que de grandes s\u00e9ries.<\/p>\n<p><!-- default-view.php -->\n<div\n\tclass=\"ngg-galleryoverview default-view\n\t ngg-ajax-pagination-none\t\"\n\tid=\"ngg-gallery-6e4699b2760ccde2154a7ec8a86cb6d6-1\"\n\tdata-nextgen-gallery-id=\"5\"\n\tdata-gallery-id=\"5\"\n\t\tdata-gallery-name=\"Cintrage de tubes\"\n\t>\n\n\t\t<!-- Thumbnails -->\n\t\t\t\t<div id=\"ngg-image-0\" class=\"ngg-gallery-thumbnail-box\n\t\t\t\t\t\t\t\t\t\t\t\"\n\t\t\t>\n\t\t\t\t\t\t<div class=\"ngg-gallery-thumbnail\">\n\t\t<a href=\"https:\/\/www.schenkmetall.ch\/wp-content\/uploads\/sites\/1\/nggallery\/cintrage-de-tubes\/MG_0943.JPG?t=1639251530\"\n\t\t\ttitle=\"\u00c9trier de protection\"\n\t\t\tdata-src=\"https:\/\/www.schenkmetall.ch\/wp-content\/uploads\/sites\/1\/nggallery\/cintrage-de-tubes\/MG_0943.JPG?t=1639251530\"\n\t\t\tdata-thumbnail=\"https:\/\/www.schenkmetall.ch\/wp-content\/uploads\/sites\/1\/nggallery\/cintrage-de-tubes\/thumbs\/thumbs_MG_0943.JPG?t=1639251530\"\n\t\t\tdata-image-id=\"35\"\n\t\t\tdata-image-name=\"MG_0943.JPG\"\n\t\t\tdata-title=\"\u00c9trier de protection\"\n\t\t\tdata-description=\"\u00c9trier de protection\"\n\t\t\tdata-image-slug=\"schutzb%c3%bcgel-1\"\n\t\t\t\t\t\t\t\t\t\t\t\t\t\t\t\t\t\t\t\tclass=\"ngg-fancybox\" rel=\"6e4699b2760ccde2154a7ec8a86cb6d6\">\n\t\t\t\t\t\t\t\t<img\n\t\t\t\t\ttitle=\"\u00c9trier de protection\"\n\t\t\t\t\talt=\"\u00c9trier de protection\"\n\t\t\t\t\tsrc=\"https:\/\/www.schenkmetall.ch\/wp-content\/uploads\/sites\/1\/nggallery\/cintrage-de-tubes\/thumbs\/thumbs_MG_0943.JPG?t=1639251530\"\n\t\t\t\t\twidth=\"240\"\n\t\t\t\t\theight=\"160\"\n\t\t\t\t\tstyle=\"max-width:100%;\"\n\t\t\t\t\/>\n\t\t\t<\/a>\n\t\t<\/div>\n\t\t\t\t\t\t\t<\/div>\n\t\t\t\n\t\t\t\t<div id=\"ngg-image-1\" class=\"ngg-gallery-thumbnail-box\n\t\t\t\t\t\t\t\t\t\t\t\"\n\t\t\t>\n\t\t\t\t\t\t<div class=\"ngg-gallery-thumbnail\">\n\t\t<a href=\"https:\/\/www.schenkmetall.ch\/wp-content\/uploads\/sites\/1\/nggallery\/cintrage-de-tubes\/DSC01102.jpg?t=1448654059\"\n\t\t\ttitle=\"Serpentins\"\n\t\t\tdata-src=\"https:\/\/www.schenkmetall.ch\/wp-content\/uploads\/sites\/1\/nggallery\/cintrage-de-tubes\/DSC01102.jpg?t=1448654059\"\n\t\t\tdata-thumbnail=\"https:\/\/www.schenkmetall.ch\/wp-content\/uploads\/sites\/1\/nggallery\/cintrage-de-tubes\/thumbs\/thumbs_DSC01102.jpg?t=1448654059\"\n\t\t\tdata-image-id=\"36\"\n\t\t\tdata-image-name=\"DSC01102.jpg\"\n\t\t\tdata-title=\"Serpentins\"\n\t\t\tdata-description=\"Serpentins\"\n\t\t\tdata-image-slug=\"rohrschlangen\"\n\t\t\t\t\t\t\t\t\t\t\t\t\t\t\t\t\t\t\t\tclass=\"ngg-fancybox\" rel=\"6e4699b2760ccde2154a7ec8a86cb6d6\">\n\t\t\t\t\t\t\t\t<img\n\t\t\t\t\ttitle=\"Serpentins\"\n\t\t\t\t\talt=\"Serpentins\"\n\t\t\t\t\tsrc=\"https:\/\/www.schenkmetall.ch\/wp-content\/uploads\/sites\/1\/nggallery\/cintrage-de-tubes\/thumbs\/thumbs_DSC01102.jpg?t=1448654059\"\n\t\t\t\t\twidth=\"240\"\n\t\t\t\t\theight=\"160\"\n\t\t\t\t\tstyle=\"max-width:100%;\"\n\t\t\t\t\/>\n\t\t\t<\/a>\n\t\t<\/div>\n\t\t\t\t\t\t\t<\/div>\n\t\t\t\n\t\t\t\t<div id=\"ngg-image-2\" class=\"ngg-gallery-thumbnail-box\n\t\t\t\t\t\t\t\t\t\t\t\"\n\t\t\t>\n\t\t\t\t\t\t<div class=\"ngg-gallery-thumbnail\">\n\t\t<a href=\"https:\/\/www.schenkmetall.ch\/wp-content\/uploads\/sites\/1\/nggallery\/cintrage-de-tubes\/PC113827.jpg?t=1448654059\"\n\t\t\ttitle=\"Barri\u00e8res de s\u00e9curit\u00e9\"\n\t\t\tdata-src=\"https:\/\/www.schenkmetall.ch\/wp-content\/uploads\/sites\/1\/nggallery\/cintrage-de-tubes\/PC113827.jpg?t=1448654059\"\n\t\t\tdata-thumbnail=\"https:\/\/www.schenkmetall.ch\/wp-content\/uploads\/sites\/1\/nggallery\/cintrage-de-tubes\/thumbs\/thumbs_PC113827.jpg?t=1448654059\"\n\t\t\tdata-image-id=\"37\"\n\t\t\tdata-image-name=\"PC113827.jpg\"\n\t\t\tdata-title=\"Barri\u00e8res de s\u00e9curit\u00e9\"\n\t\t\tdata-description=\"Barri\u00e8res de s\u00e9curit\u00e9\"\n\t\t\tdata-image-slug=\"absperrgitter\"\n\t\t\t\t\t\t\t\t\t\t\t\t\t\t\t\t\t\t\t\tclass=\"ngg-fancybox\" rel=\"6e4699b2760ccde2154a7ec8a86cb6d6\">\n\t\t\t\t\t\t\t\t<img\n\t\t\t\t\ttitle=\"Barri\u00e8res de s\u00e9curit\u00e9\"\n\t\t\t\t\talt=\"Barri\u00e8res de s\u00e9curit\u00e9\"\n\t\t\t\t\tsrc=\"https:\/\/www.schenkmetall.ch\/wp-content\/uploads\/sites\/1\/nggallery\/cintrage-de-tubes\/thumbs\/thumbs_PC113827.jpg?t=1448654059\"\n\t\t\t\t\twidth=\"240\"\n\t\t\t\t\theight=\"160\"\n\t\t\t\t\tstyle=\"max-width:100%;\"\n\t\t\t\t\/>\n\t\t\t<\/a>\n\t\t<\/div>\n\t\t\t\t\t\t\t<\/div>\n\t\t\t\n\t\t\t\t<div id=\"ngg-image-3\" class=\"ngg-gallery-thumbnail-box\n\t\t\t\t\t\t\t\t\t\t\t\"\n\t\t\t>\n\t\t\t\t\t\t<div class=\"ngg-gallery-thumbnail\">\n\t\t<a href=\"https:\/\/www.schenkmetall.ch\/wp-content\/uploads\/sites\/1\/nggallery\/cintrage-de-tubes\/Sony-Steeck-1-013.jpg?t=1448654059\"\n\t\t\ttitle=\"Tubes multipli, caract\u00e8res en tube\"\n\t\t\tdata-src=\"https:\/\/www.schenkmetall.ch\/wp-content\/uploads\/sites\/1\/nggallery\/cintrage-de-tubes\/Sony-Steeck-1-013.jpg?t=1448654059\"\n\t\t\tdata-thumbnail=\"https:\/\/www.schenkmetall.ch\/wp-content\/uploads\/sites\/1\/nggallery\/cintrage-de-tubes\/thumbs\/thumbs_Sony-Steeck-1-013.jpg?t=1448654059\"\n\t\t\tdata-image-id=\"38\"\n\t\t\tdata-image-name=\"Sony-Steeck-1-013.jpg\"\n\t\t\tdata-title=\"Tubes multipli, caract\u00e8res en tube\"\n\t\t\tdata-description=\"Tubes multipli, caract\u00e8res en tube\"\n\t\t\tdata-image-slug=\"mehrfach-gebogenes-rohr\"\n\t\t\t\t\t\t\t\t\t\t\t\t\t\t\t\t\t\t\t\tclass=\"ngg-fancybox\" rel=\"6e4699b2760ccde2154a7ec8a86cb6d6\">\n\t\t\t\t\t\t\t\t<img\n\t\t\t\t\ttitle=\"Tubes multipli, caract\u00e8res en tube\"\n\t\t\t\t\talt=\"Tubes multipli, caract\u00e8res en tube\"\n\t\t\t\t\tsrc=\"https:\/\/www.schenkmetall.ch\/wp-content\/uploads\/sites\/1\/nggallery\/cintrage-de-tubes\/thumbs\/thumbs_Sony-Steeck-1-013.jpg?t=1448654059\"\n\t\t\t\t\twidth=\"240\"\n\t\t\t\t\theight=\"160\"\n\t\t\t\t\tstyle=\"max-width:100%;\"\n\t\t\t\t\/>\n\t\t\t<\/a>\n\t\t<\/div>\n\t\t\t\t\t\t\t<\/div>\n\t\t\t\n\t\t\t\t<div id=\"ngg-image-4\" class=\"ngg-gallery-thumbnail-box\n\t\t\t\t\t\t\t\t\t\t\t\"\n\t\t\t>\n\t\t\t\t\t\t<div class=\"ngg-gallery-thumbnail\">\n\t\t<a href=\"https:\/\/www.schenkmetall.ch\/wp-content\/uploads\/sites\/1\/nggallery\/cintrage-de-tubes\/MG_0541-Auswahl.JPG?t=1448654059\"\n\t\t\ttitle=\"Tubes h\u00e9lico\u00efdaux coniques\"\n\t\t\tdata-src=\"https:\/\/www.schenkmetall.ch\/wp-content\/uploads\/sites\/1\/nggallery\/cintrage-de-tubes\/MG_0541-Auswahl.JPG?t=1448654059\"\n\t\t\tdata-thumbnail=\"https:\/\/www.schenkmetall.ch\/wp-content\/uploads\/sites\/1\/nggallery\/cintrage-de-tubes\/thumbs\/thumbs_MG_0541-Auswahl.JPG?t=1448654059\"\n\t\t\tdata-image-id=\"39\"\n\t\t\tdata-image-name=\"MG_0541-Auswahl.JPG\"\n\t\t\tdata-title=\"Tubes h\u00e9lico\u00efdaux coniques\"\n\t\t\tdata-description=\"Tubes h\u00e9lico\u00efdaux coniques\"\n\t\t\tdata-image-slug=\"rohrspiralen-konisch\"\n\t\t\t\t\t\t\t\t\t\t\t\t\t\t\t\t\t\t\t\tclass=\"ngg-fancybox\" rel=\"6e4699b2760ccde2154a7ec8a86cb6d6\">\n\t\t\t\t\t\t\t\t<img\n\t\t\t\t\ttitle=\"Tubes h\u00e9lico\u00efdaux coniques\"\n\t\t\t\t\talt=\"Tubes h\u00e9lico\u00efdaux coniques\"\n\t\t\t\t\tsrc=\"https:\/\/www.schenkmetall.ch\/wp-content\/uploads\/sites\/1\/nggallery\/cintrage-de-tubes\/thumbs\/thumbs_MG_0541-Auswahl.JPG?t=1448654059\"\n\t\t\t\t\twidth=\"240\"\n\t\t\t\t\theight=\"160\"\n\t\t\t\t\tstyle=\"max-width:100%;\"\n\t\t\t\t\/>\n\t\t\t<\/a>\n\t\t<\/div>\n\t\t\t\t\t\t\t<\/div>\n\t\t\t\n\t\t\t\t<div id=\"ngg-image-5\" class=\"ngg-gallery-thumbnail-box\n\t\t\t\t\t\t\t\t\t\t\t\"\n\t\t\t>\n\t\t\t\t\t\t<div class=\"ngg-gallery-thumbnail\">\n\t\t<a href=\"https:\/\/www.schenkmetall.ch\/wp-content\/uploads\/sites\/1\/nggallery\/cintrage-de-tubes\/MG_0552.JPG?t=1448654059\"\n\t\t\ttitle=\"Tubes h\u00e9lico\u00efdaux cylindriques avec centres d\u00e9cal\u00e9s\"\n\t\t\tdata-src=\"https:\/\/www.schenkmetall.ch\/wp-content\/uploads\/sites\/1\/nggallery\/cintrage-de-tubes\/MG_0552.JPG?t=1448654059\"\n\t\t\tdata-thumbnail=\"https:\/\/www.schenkmetall.ch\/wp-content\/uploads\/sites\/1\/nggallery\/cintrage-de-tubes\/thumbs\/thumbs_MG_0552.JPG?t=1448654059\"\n\t\t\tdata-image-id=\"40\"\n\t\t\tdata-image-name=\"MG_0552.JPG\"\n\t\t\tdata-title=\"Tubes h\u00e9lico\u00efdaux cylindriques avec centres d\u00e9cal\u00e9s\"\n\t\t\tdata-description=\"Tubes h\u00e9lico\u00efdaux cylindriques avec centres d\u00e9cal\u00e9s\"\n\t\t\tdata-image-slug=\"rohrspiralen-zylindrisch-mit-versetzten-zentren\"\n\t\t\t\t\t\t\t\t\t\t\t\t\t\t\t\t\t\t\t\tclass=\"ngg-fancybox\" rel=\"6e4699b2760ccde2154a7ec8a86cb6d6\">\n\t\t\t\t\t\t\t\t<img\n\t\t\t\t\ttitle=\"Tubes h\u00e9lico\u00efdaux cylindriques avec centres d\u00e9cal\u00e9s\"\n\t\t\t\t\talt=\"Tubes h\u00e9lico\u00efdaux cylindriques avec centres d\u00e9cal\u00e9s\"\n\t\t\t\t\tsrc=\"https:\/\/www.schenkmetall.ch\/wp-content\/uploads\/sites\/1\/nggallery\/cintrage-de-tubes\/thumbs\/thumbs_MG_0552.JPG?t=1448654059\"\n\t\t\t\t\twidth=\"240\"\n\t\t\t\t\theight=\"160\"\n\t\t\t\t\tstyle=\"max-width:100%;\"\n\t\t\t\t\/>\n\t\t\t<\/a>\n\t\t<\/div>\n\t\t\t\t\t\t\t<\/div>\n\t\t\t\n\t\t\t\t<div id=\"ngg-image-6\" class=\"ngg-gallery-thumbnail-box\n\t\t\t\t\t\t\t\t\t\t\t\"\n\t\t\t>\n\t\t\t\t\t\t<div class=\"ngg-gallery-thumbnail\">\n\t\t<a href=\"https:\/\/www.schenkmetall.ch\/wp-content\/uploads\/sites\/1\/nggallery\/cintrage-de-tubes\/MG_0580.JPG?t=1448654059\"\n\t\t\ttitle=\"\u00c9triers de support\"\n\t\t\tdata-src=\"https:\/\/www.schenkmetall.ch\/wp-content\/uploads\/sites\/1\/nggallery\/cintrage-de-tubes\/MG_0580.JPG?t=1448654059\"\n\t\t\tdata-thumbnail=\"https:\/\/www.schenkmetall.ch\/wp-content\/uploads\/sites\/1\/nggallery\/cintrage-de-tubes\/thumbs\/thumbs_MG_0580.JPG?t=1448654059\"\n\t\t\tdata-image-id=\"41\"\n\t\t\tdata-image-name=\"MG_0580.JPG\"\n\t\t\tdata-title=\"\u00c9triers de support\"\n\t\t\tdata-description=\"\u00c9triers de support\"\n\t\t\tdata-image-slug=\"tragb%c3%bcgel-1\"\n\t\t\t\t\t\t\t\t\t\t\t\t\t\t\t\t\t\t\t\tclass=\"ngg-fancybox\" rel=\"6e4699b2760ccde2154a7ec8a86cb6d6\">\n\t\t\t\t\t\t\t\t<img\n\t\t\t\t\ttitle=\"\u00c9triers de support\"\n\t\t\t\t\talt=\"\u00c9triers de support\"\n\t\t\t\t\tsrc=\"https:\/\/www.schenkmetall.ch\/wp-content\/uploads\/sites\/1\/nggallery\/cintrage-de-tubes\/thumbs\/thumbs_MG_0580.JPG?t=1448654059\"\n\t\t\t\t\twidth=\"240\"\n\t\t\t\t\theight=\"160\"\n\t\t\t\t\tstyle=\"max-width:100%;\"\n\t\t\t\t\/>\n\t\t\t<\/a>\n\t\t<\/div>\n\t\t\t\t\t\t\t<\/div>\n\t\t\t\n\t\t\t\t<div id=\"ngg-image-7\" class=\"ngg-gallery-thumbnail-box\n\t\t\t\t\t\t\t\t\t\t\t\"\n\t\t\t>\n\t\t\t\t\t\t<div class=\"ngg-gallery-thumbnail\">\n\t\t<a href=\"https:\/\/www.schenkmetall.ch\/wp-content\/uploads\/sites\/1\/nggallery\/cintrage-de-tubes\/MG_0597-Auswahl-korr-AS.jpg?t=1448654059\"\n\t\t\ttitle=\"Poign\u00e9es de porte\"\n\t\t\tdata-src=\"https:\/\/www.schenkmetall.ch\/wp-content\/uploads\/sites\/1\/nggallery\/cintrage-de-tubes\/MG_0597-Auswahl-korr-AS.jpg?t=1448654059\"\n\t\t\tdata-thumbnail=\"https:\/\/www.schenkmetall.ch\/wp-content\/uploads\/sites\/1\/nggallery\/cintrage-de-tubes\/thumbs\/thumbs_MG_0597-Auswahl-korr-AS.jpg?t=1448654059\"\n\t\t\tdata-image-id=\"42\"\n\t\t\tdata-image-name=\"MG_0597-Auswahl-korr-AS.jpg\"\n\t\t\tdata-title=\"Poign\u00e9es de porte\"\n\t\t\tdata-description=\"Poign\u00e9es de porte\"\n\t\t\tdata-image-slug=\"t%c3%bcrgriffe-1\"\n\t\t\t\t\t\t\t\t\t\t\t\t\t\t\t\t\t\t\t\tclass=\"ngg-fancybox\" rel=\"6e4699b2760ccde2154a7ec8a86cb6d6\">\n\t\t\t\t\t\t\t\t<img\n\t\t\t\t\ttitle=\"Poign\u00e9es de porte\"\n\t\t\t\t\talt=\"Poign\u00e9es de porte\"\n\t\t\t\t\tsrc=\"https:\/\/www.schenkmetall.ch\/wp-content\/uploads\/sites\/1\/nggallery\/cintrage-de-tubes\/thumbs\/thumbs_MG_0597-Auswahl-korr-AS.jpg?t=1448654059\"\n\t\t\t\t\twidth=\"240\"\n\t\t\t\t\theight=\"160\"\n\t\t\t\t\tstyle=\"max-width:100%;\"\n\t\t\t\t\/>\n\t\t\t<\/a>\n\t\t<\/div>\n\t\t\t\t\t\t\t<\/div>\n\t\t\t\n\t\n\t<br style=\"clear: both\" \/>\n\n\t\n\t\t<!-- Pagination -->\n\t\t<div class='ngg-clear'><\/div>\t<\/div>\n<\/p>\n<p>Liste d&rsquo;outils n\u00e9cessaires pour r\u00e9aliser des travaux de cintrage avec mandrin<\/p>\n<h3>Tubes de pr\u00e9cision<\/h3>\n<p><a href=\"\/wp-content\/uploads\/2015\/11\/schenk_werkzeugliste_praezisionsrohre.pdf\" target=\"_blank\" rel=\"noopener\">T\u00e9l\u00e9charger sous format PDF la liste d&rsquo;outils n\u00e9cessaires pour r\u00e9aliser des travaux de cintrage avec mandrin sur des tubes de pr\u00e9cision (en Allemand)<\/a><\/p>\n<h3>Tubes en pouces<\/h3>\n<p><a href=\"\/wp-content\/uploads\/2015\/11\/schenk_werkzeugliste_zollrohre.pdf\" target=\"_blank\" rel=\"noopener\">T\u00e9l\u00e9charger sous format PDF la liste d&rsquo;outils n\u00e9cessaires pour r\u00e9aliser des travaux de cintrage avec mandrin sur des tubes en pouces (en Allemand)<\/a><\/p>\n","protected":false},"excerpt":{"rendered":"<p>Cintrage de tubes sur des dispositifs automatiques de cintrage de [&hellip;]<\/p>\n","protected":false},"author":1,"featured_media":510,"parent":0,"menu_order":1,"comment_status":"closed","ping_status":"closed","template":"","meta":{"ngg_post_thumbnail":0},"yoast_head":"<!-- This site is optimized with the Yoast SEO plugin v17.7.1 - https:\/\/yoast.com\/wordpress\/plugins\/seo\/ -->\n<title>Cintrage de tubes - SCHENK METALL<\/title>\n<meta name=\"description\" content=\"Nous travaillons jusqu\u2019\u00e0 des diam\u00e8tres de tubes de 88.9 mm et sommes en mesure de produire pour vous des pi\u00e8ces uniques tout autant que de grandes s\u00e9ries.\" \/>\n<meta name=\"robots\" content=\"index, follow, max-snippet:-1, max-image-preview:large, max-video-preview:-1\" \/>\n<link rel=\"canonical\" href=\"https:\/\/www.schenkmetall.ch\/fr\/cintrage-de-tubes\/\" \/>\n<meta property=\"og:locale\" content=\"fr_FR\" \/>\n<meta property=\"og:type\" content=\"article\" \/>\n<meta property=\"og:title\" content=\"Cintrage de tubes - SCHENK METALL\" \/>\n<meta property=\"og:description\" content=\"Nous travaillons jusqu\u2019\u00e0 des diam\u00e8tres de tubes de 88.9 mm et sommes en mesure de produire pour vous des pi\u00e8ces uniques tout autant que de grandes s\u00e9ries.\" \/>\n<meta property=\"og:url\" content=\"https:\/\/www.schenkmetall.ch\/fr\/cintrage-de-tubes\/\" \/>\n<meta property=\"og:site_name\" content=\"SCHENK METALL\" \/>\n<meta property=\"article:modified_time\" content=\"2021-12-11T19:39:25+00:00\" \/>\n<meta property=\"og:image\" content=\"https:\/\/www.schenkmetall.ch\/wp-content\/uploads\/2014\/04\/Home_Rohrbiege3.jpg\" \/>\n\t<meta property=\"og:image:width\" content=\"300\" \/>\n\t<meta property=\"og:image:height\" content=\"300\" \/>\n<meta name=\"twitter:card\" content=\"summary\" \/>\n<meta name=\"twitter:label1\" content=\"Dur\u00e9e de lecture estim\u00e9e\" \/>\n\t<meta name=\"twitter:data1\" content=\"1 minute\" \/>\n<script type=\"application\/ld+json\" class=\"yoast-schema-graph\">{\"@context\":\"https:\/\/schema.org\",\"@graph\":[{\"@type\":\"WebSite\",\"@id\":\"https:\/\/www.schenkmetall.ch\/#website\",\"url\":\"https:\/\/www.schenkmetall.ch\/\",\"name\":\"SCHENK METALL\",\"description\":\"Cintrage de tubes, cintrage de profil\\u00e9s ainsi que cintrage & laminage de t\\u00f4les\",\"potentialAction\":[{\"@type\":\"SearchAction\",\"target\":{\"@type\":\"EntryPoint\",\"urlTemplate\":\"https:\/\/www.schenkmetall.ch\/?s={search_term_string}\"},\"query-input\":\"required name=search_term_string\"}],\"inLanguage\":\"fr-FR\"},{\"@type\":\"ImageObject\",\"@id\":\"https:\/\/www.schenkmetall.ch\/fr\/cintrage-de-tubes\/#primaryimage\",\"inLanguage\":\"fr-FR\",\"url\":\"https:\/\/www.schenkmetall.ch\/wp-content\/uploads\/2014\/04\/Home_Rohrbiege3.jpg\",\"contentUrl\":\"https:\/\/www.schenkmetall.ch\/wp-content\/uploads\/2014\/04\/Home_Rohrbiege3.jpg\",\"width\":300,\"height\":300},{\"@type\":\"WebPage\",\"@id\":\"https:\/\/www.schenkmetall.ch\/fr\/cintrage-de-tubes\/#webpage\",\"url\":\"https:\/\/www.schenkmetall.ch\/fr\/cintrage-de-tubes\/\",\"name\":\"Cintrage de tubes - SCHENK METALL\",\"isPartOf\":{\"@id\":\"https:\/\/www.schenkmetall.ch\/#website\"},\"primaryImageOfPage\":{\"@id\":\"https:\/\/www.schenkmetall.ch\/fr\/cintrage-de-tubes\/#primaryimage\"},\"datePublished\":\"2015-11-27T19:55:01+00:00\",\"dateModified\":\"2021-12-11T19:39:25+00:00\",\"description\":\"Nous travaillons jusqu\\u2019\\u00e0 des diam\\u00e8tres de tubes de 88.9 mm et sommes en mesure de produire pour vous des pi\\u00e8ces uniques tout autant que de grandes s\\u00e9ries.\",\"breadcrumb\":{\"@id\":\"https:\/\/www.schenkmetall.ch\/fr\/cintrage-de-tubes\/#breadcrumb\"},\"inLanguage\":\"fr-FR\",\"potentialAction\":[{\"@type\":\"ReadAction\",\"target\":[\"https:\/\/www.schenkmetall.ch\/fr\/cintrage-de-tubes\/\"]}]},{\"@type\":\"BreadcrumbList\",\"@id\":\"https:\/\/www.schenkmetall.ch\/fr\/cintrage-de-tubes\/#breadcrumb\",\"itemListElement\":[{\"@type\":\"ListItem\",\"position\":1,\"name\":\"Startseite\",\"item\":\"https:\/\/www.schenkmetall.ch\/\"},{\"@type\":\"ListItem\",\"position\":2,\"name\":\"Cintrage de tubes\"}]}]}<\/script>\n<!-- \/ Yoast SEO plugin. -->","yoast_head_json":{"title":"Cintrage de tubes - SCHENK METALL","description":"Nous travaillons jusqu\u2019\u00e0 des diam\u00e8tres de tubes de 88.9 mm et sommes en mesure de produire pour vous des pi\u00e8ces uniques tout autant que de grandes s\u00e9ries.","robots":{"index":"index","follow":"follow","max-snippet":"max-snippet:-1","max-image-preview":"max-image-preview:large","max-video-preview":"max-video-preview:-1"},"canonical":"https:\/\/www.schenkmetall.ch\/fr\/cintrage-de-tubes\/","og_locale":"fr_FR","og_type":"article","og_title":"Cintrage de tubes - SCHENK METALL","og_description":"Nous travaillons jusqu\u2019\u00e0 des diam\u00e8tres de tubes de 88.9 mm et sommes en mesure de produire pour vous des pi\u00e8ces uniques tout autant que de grandes s\u00e9ries.","og_url":"https:\/\/www.schenkmetall.ch\/fr\/cintrage-de-tubes\/","og_site_name":"SCHENK METALL","article_modified_time":"2021-12-11T19:39:25+00:00","og_image":[{"width":300,"height":300,"url":"https:\/\/www.schenkmetall.ch\/wp-content\/uploads\/2014\/04\/Home_Rohrbiege3.jpg","type":"image\/jpeg"}],"twitter_card":"summary","twitter_misc":{"Dur\u00e9e de lecture estim\u00e9e":"1 minute"},"schema":{"@context":"https:\/\/schema.org","@graph":[{"@type":"WebSite","@id":"https:\/\/www.schenkmetall.ch\/#website","url":"https:\/\/www.schenkmetall.ch\/","name":"SCHENK METALL","description":"Cintrage de tubes, cintrage de profil\u00e9s ainsi que cintrage & laminage de t\u00f4les","potentialAction":[{"@type":"SearchAction","target":{"@type":"EntryPoint","urlTemplate":"https:\/\/www.schenkmetall.ch\/?s={search_term_string}"},"query-input":"required name=search_term_string"}],"inLanguage":"fr-FR"},{"@type":"ImageObject","@id":"https:\/\/www.schenkmetall.ch\/fr\/cintrage-de-tubes\/#primaryimage","inLanguage":"fr-FR","url":"https:\/\/www.schenkmetall.ch\/wp-content\/uploads\/2014\/04\/Home_Rohrbiege3.jpg","contentUrl":"https:\/\/www.schenkmetall.ch\/wp-content\/uploads\/2014\/04\/Home_Rohrbiege3.jpg","width":300,"height":300},{"@type":"WebPage","@id":"https:\/\/www.schenkmetall.ch\/fr\/cintrage-de-tubes\/#webpage","url":"https:\/\/www.schenkmetall.ch\/fr\/cintrage-de-tubes\/","name":"Cintrage de tubes - SCHENK METALL","isPartOf":{"@id":"https:\/\/www.schenkmetall.ch\/#website"},"primaryImageOfPage":{"@id":"https:\/\/www.schenkmetall.ch\/fr\/cintrage-de-tubes\/#primaryimage"},"datePublished":"2015-11-27T19:55:01+00:00","dateModified":"2021-12-11T19:39:25+00:00","description":"Nous travaillons jusqu\u2019\u00e0 des diam\u00e8tres de tubes de 88.9 mm et sommes en mesure de produire pour vous des pi\u00e8ces uniques tout autant que de grandes s\u00e9ries.","breadcrumb":{"@id":"https:\/\/www.schenkmetall.ch\/fr\/cintrage-de-tubes\/#breadcrumb"},"inLanguage":"fr-FR","potentialAction":[{"@type":"ReadAction","target":["https:\/\/www.schenkmetall.ch\/fr\/cintrage-de-tubes\/"]}]},{"@type":"BreadcrumbList","@id":"https:\/\/www.schenkmetall.ch\/fr\/cintrage-de-tubes\/#breadcrumb","itemListElement":[{"@type":"ListItem","position":1,"name":"Startseite","item":"https:\/\/www.schenkmetall.ch\/"},{"@type":"ListItem","position":2,"name":"Cintrage de tubes"}]}]}},"_links":{"self":[{"href":"https:\/\/www.schenkmetall.ch\/fr\/wp-json\/wp\/v2\/pages\/350"}],"collection":[{"href":"https:\/\/www.schenkmetall.ch\/fr\/wp-json\/wp\/v2\/pages"}],"about":[{"href":"https:\/\/www.schenkmetall.ch\/fr\/wp-json\/wp\/v2\/types\/page"}],"author":[{"embeddable":true,"href":"https:\/\/www.schenkmetall.ch\/fr\/wp-json\/wp\/v2\/users\/1"}],"replies":[{"embeddable":true,"href":"https:\/\/www.schenkmetall.ch\/fr\/wp-json\/wp\/v2\/comments?post=350"}],"version-history":[{"count":9,"href":"https:\/\/www.schenkmetall.ch\/fr\/wp-json\/wp\/v2\/pages\/350\/revisions"}],"predecessor-version":[{"id":540,"href":"https:\/\/www.schenkmetall.ch\/fr\/wp-json\/wp\/v2\/pages\/350\/revisions\/540"}],"wp:featuredmedia":[{"embeddable":true,"href":"https:\/\/www.schenkmetall.ch\/fr\/wp-json\/wp\/v2\/media\/510"}],"wp:attachment":[{"href":"https:\/\/www.schenkmetall.ch\/fr\/wp-json\/wp\/v2\/media?parent=350"}],"curies":[{"name":"wp","href":"https:\/\/api.w.org\/{rel}","templated":true}]}}